{"id":3736,"date":"2020-12-17T09:22:20","date_gmt":"2020-12-17T09:22:20","guid":{"rendered":"https:\/\/fisdanismanlik.com\/ru\/?page_id=3736"},"modified":"2020-12-23T18:03:43","modified_gmt":"2020-12-23T18:03:43","slug":"sorularla-biz","status":"publish","type":"page","link":"https:\/\/fisdanismanlik.com\/ru\/sorularla-biz\/","title":{"rendered":"\u0412\u041e\u041f\u0420\u041e\u0421\u041e\u0412"},"content":{"rendered":"\t\t<div data-elementor-type=\"wp-page\" data-elementor-id=\"3736\" class=\"elementor elementor-3736\" data-elementor-settings=\"[]\">\n\t\t\t\t\t\t<div class=\"elementor-inner\">\n\t\t\t\t\t\t\t<div class=\"elementor-section-wrap\">\n\t\t\t\t\t\t\t<section class=\"elementor-section elementor-top-section elementor-element elementor-element-6f2d210 elementor-section-boxed elementor-section-height-default elementor-section-height-default\" data-id=\"6f2d210\" data-element_type=\"section\">\n\t\t\t\t\t\t<div class=\"elementor-container elementor-column-gap-default\">\n\t\t\t\t\t\t\t<div class=\"elementor-row\">\n\t\t\t\t\t<div class=\"elementor-column elementor-col-100 elementor-top-column elementor-element elementor-element-6054665\" data-id=\"6054665\" data-element_type=\"column\">\n\t\t\t<div class=\"elementor-column-wrap elementor-element-populated\">\n\t\t\t\t\t\t\t<div class=\"elementor-widget-wrap\">\n\t\t\t\t\t\t<div class=\"elementor-element elementor-element-8f5f430 elementor-widget elementor-widget-toggle\" data-id=\"8f5f430\" data-element_type=\"widget\" data-widget_type=\"toggle.default\">\n\t\t\t\t<div class=\"elementor-widget-container\">\n\t\t\t\t\t<div class=\"elementor-toggle\" role=\"tablist\">\n\t\t\t\t\t\t\t<div class=\"elementor-toggle-item\">\n\t\t\t\t\t<div id=\"elementor-tab-title-1501\" class=\"elementor-tab-title\" data-tab=\"1\" role=\"tab\" aria-controls=\"elementor-tab-content-1501\" aria-expanded=\"false\">\n\t\t\t\t\t\t\t\t\t\t\t\t<span class=\"elementor-toggle-icon elementor-toggle-icon-left\" aria-hidden=\"true\">\n\t\t\t\t\t\t\t\t\t\t\t\t\t\t\t<span class=\"elementor-toggle-icon-closed\"><i class=\"fas fa-caret-right\"><\/i><\/span>\n\t\t\t\t\t\t\t\t<span class=\"elementor-toggle-icon-opened\"><i class=\"elementor-toggle-icon-opened fas fa-caret-up\"><\/i><\/span>\n\t\t\t\t\t\t\t\t\t\t\t\t\t<\/span>\n\t\t\t\t\t\t\t\t\t\t\t\t<a href=\"\" class=\"elementor-toggle-title\">\u0421\u043a\u043e\u043b\u044c\u043a\u043e \u043b\u0435\u0442 \u0432\u044b \u043f\u0440\u0435\u0434\u043e\u0441\u0442\u0430\u0432\u043b\u044f\u0435\u0442\u0435 \u043a\u043e\u043d\u0441\u0443\u043b\u044c\u0442\u0430\u0446\u0438\u043e\u043d\u043d\u044b\u0435 \u0443\u0441\u043b\u0443\u0433\u0438?<\/a>\n\t\t\t\t\t<\/div>\n\n\t\t\t\t\t<div id=\"elementor-tab-content-1501\" class=\"elementor-tab-content elementor-clearfix\" data-tab=\"1\" role=\"tabpanel\" aria-labelledby=\"elementor-tab-title-1501\"><p>\u041c\u044b \u043f\u0440\u043e\u0434\u043e\u043b\u0436\u0430\u0435\u043c \u043d\u0430\u0448 \u043f\u0443\u0442\u044c, \u043d\u0430\u0447\u0430\u0442\u044b\u0439 \u0432 \u043a\u043e\u0440\u043f\u043e\u0440\u0430\u0442\u0438\u0432\u043d\u043e\u0439 \u043a\u043e\u043c\u043f\u0430\u043d\u0438\u0438 \u0432 2001 \u0433\u043e\u0434\u0443, \u043f\u043e \u0441\u043e\u0441\u0442\u043e\u044f\u043d\u0438\u044e \u043d\u0430 2017 \u0433\u043e\u0434 \u0432 \u0440\u0435\u0437\u0443\u043b\u044c\u0442\u0430\u0442\u0435 \u043d\u0430\u0448\u0438\u0445 \u043c\u0435\u0436\u0434\u0443\u043d\u0430\u0440\u043e\u0434\u043d\u044b\u0445 \u0441\u0432\u044f\u0437\u0435\u0439 \u0438 \u0432\u044b\u0441\u043e\u043a\u0438\u0445 \u0442\u0440\u0435\u0431\u043e\u0432\u0430\u043d\u0438\u0439 \u0432 \u043d\u0430\u0448\u0435\u0439 \u0441\u043e\u0431\u0441\u0442\u0432\u0435\u043d\u043d\u043e\u0439 \u043a\u043e\u043c\u043f\u0430\u043d\u0438\u0438.<\/p><\/div>\n\t\t\t\t<\/div>\n\t\t\t\t\t\t\t<div class=\"elementor-toggle-item\">\n\t\t\t\t\t<div id=\"elementor-tab-title-1502\" class=\"elementor-tab-title\" data-tab=\"2\" role=\"tab\" aria-controls=\"elementor-tab-content-1502\" aria-expanded=\"false\">\n\t\t\t\t\t\t\t\t\t\t\t\t<span class=\"elementor-toggle-icon elementor-toggle-icon-left\" aria-hidden=\"true\">\n\t\t\t\t\t\t\t\t\t\t\t\t\t\t\t<span class=\"elementor-toggle-icon-closed\"><i class=\"fas fa-caret-right\"><\/i><\/span>\n\t\t\t\t\t\t\t\t<span class=\"elementor-toggle-icon-opened\"><i class=\"elementor-toggle-icon-opened fas fa-caret-up\"><\/i><\/span>\n\t\t\t\t\t\t\t\t\t\t\t\t\t<\/span>\n\t\t\t\t\t\t\t\t\t\t\t\t<a href=\"\" class=\"elementor-toggle-title\">\u041e\u0440\u0433\u0430\u043d\u0438\u0437\u0443\u0435\u0442\u0435 \u043b\u0438 \u0432\u044b \u0442\u0440\u0435\u043d\u0438\u043d\u0433\u0438 \u043f\u043e \u0432\u043d\u0435\u0448\u043d\u0435\u0439 \u0442\u043e\u0440\u0433\u043e\u0432\u043b\u0435?<\/a>\n\t\t\t\t\t<\/div>\n\n\t\t\t\t\t<div id=\"elementor-tab-content-1502\" class=\"elementor-tab-content elementor-clearfix\" data-tab=\"2\" role=\"tabpanel\" aria-labelledby=\"elementor-tab-title-1502\"><p>\u0421 2021 \u0433\u043e\u0434\u0430 \u043d\u0430\u0447\u043d\u0443\u0442\u0441\u044f \u043d\u0430\u0448\u0438 \u0441\u0435\u043c\u0438\u043d\u0430\u0440\u044b \u0438 \u0442\u0440\u0435\u043d\u0438\u043d\u0433\u0438 \u043f\u043e \u043e\u0431\u0449\u0435\u0439 \u0432\u043d\u0435\u0448\u043d\u0435\u0439 \u0442\u043e\u0440\u0433\u043e\u0432\u043b\u0435.<\/p><\/div>\n\t\t\t\t<\/div>\n\t\t\t\t\t\t\t<div class=\"elementor-toggle-item\">\n\t\t\t\t\t<div id=\"elementor-tab-title-1503\" class=\"elementor-tab-title\" data-tab=\"3\" role=\"tab\" aria-controls=\"elementor-tab-content-1503\" aria-expanded=\"false\">\n\t\t\t\t\t\t\t\t\t\t\t\t<span class=\"elementor-toggle-icon elementor-toggle-icon-left\" aria-hidden=\"true\">\n\t\t\t\t\t\t\t\t\t\t\t\t\t\t\t<span class=\"elementor-toggle-icon-closed\"><i class=\"fas fa-caret-right\"><\/i><\/span>\n\t\t\t\t\t\t\t\t<span class=\"elementor-toggle-icon-opened\"><i class=\"elementor-toggle-icon-opened fas fa-caret-up\"><\/i><\/span>\n\t\t\t\t\t\t\t\t\t\t\t\t\t<\/span>\n\t\t\t\t\t\t\t\t\t\t\t\t<a href=\"\" class=\"elementor-toggle-title\">\u041a\u0430\u043a\u0438\u0435 \u043e\u0442\u0440\u0430\u0441\u043b\u0438 \u0432\u044b \u043e\u0431\u0441\u043b\u0443\u0436\u0438\u0432\u0430\u0435\u0442\u0435?<\/a>\n\t\t\t\t\t<\/div>\n\n\t\t\t\t\t<div id=\"elementor-tab-content-1503\" class=\"elementor-tab-content elementor-clearfix\" data-tab=\"3\" role=\"tabpanel\" aria-labelledby=\"elementor-tab-title-1503\"><p>\u041a\u0430\u043a Fi\u015f Group, \u043c\u044b \u043e\u0431\u0441\u043b\u0443\u0436\u0438\u0432\u0430\u0435\u043c \u0440\u0430\u0437\u043b\u0438\u0447\u043d\u044b\u0435 \u0441\u0435\u043a\u0442\u043e\u0440\u0430, \u0432 \u043e\u0441\u043d\u043e\u0432\u043d\u043e\u043c \u0442\u0435\u043a\u0441\u0442\u0438\u043b\u044c\u043d\u0443\u044e, \u043f\u0438\u0449\u0435\u0432\u0443\u044e, \u043a\u043e\u0441\u043c\u0435\u0442\u0438\u0447\u0435\u0441\u043a\u0443\u044e \u0438 \u0430\u0432\u0442\u043e\u043c\u043e\u0431\u0438\u043b\u044c\u043d\u0443\u044e \u043f\u043e\u0434\u043e\u0442\u0440\u0430\u0441\u043b\u0438.<\/p><\/div>\n\t\t\t\t<\/div>\n\t\t\t\t\t\t\t<div class=\"elementor-toggle-item\">\n\t\t\t\t\t<div id=\"elementor-tab-title-1504\" class=\"elementor-tab-title\" data-tab=\"4\" role=\"tab\" aria-controls=\"elementor-tab-content-1504\" aria-expanded=\"false\">\n\t\t\t\t\t\t\t\t\t\t\t\t<span class=\"elementor-toggle-icon elementor-toggle-icon-left\" aria-hidden=\"true\">\n\t\t\t\t\t\t\t\t\t\t\t\t\t\t\t<span class=\"elementor-toggle-icon-closed\"><i class=\"fas fa-caret-right\"><\/i><\/span>\n\t\t\t\t\t\t\t\t<span class=\"elementor-toggle-icon-opened\"><i class=\"elementor-toggle-icon-opened fas fa-caret-up\"><\/i><\/span>\n\t\t\t\t\t\t\t\t\t\t\t\t\t<\/span>\n\t\t\t\t\t\t\t\t\t\t\t\t<a href=\"\" class=\"elementor-toggle-title\">\u041e\u0441\u0443\u0449\u0435\u0441\u0442\u0432\u043b\u044f\u0435\u0442\u0435 \u043b\u0438 \u0432\u044b \u0438\u043c\u043f\u043e\u0440\u0442\u043d\u043e-\u044d\u043a\u0441\u043f\u043e\u0440\u0442\u043d\u044b\u0435 \u043e\u043f\u0435\u0440\u0430\u0446\u0438\u0438 \u043e\u0442 \u043d\u0430\u0448\u0435\u0433\u043e \u0438\u043c\u0435\u043d\u0438?<\/a>\n\t\t\t\t\t<\/div>\n\n\t\t\t\t\t<div id=\"elementor-tab-content-1504\" class=\"elementor-tab-content elementor-clearfix\" data-tab=\"4\" role=\"tabpanel\" aria-labelledby=\"elementor-tab-title-1504\"><p>\u0415\u0441\u043b\u0438 \u0443 \u0432\u0430\u0441 \u0435\u0441\u0442\u044c \u043f\u0440\u043e\u0434\u0443\u043a\u0442\u044b, \u043a\u043e\u0442\u043e\u0440\u044b\u0435 \u0432\u044b \u0445\u043e\u0442\u0438\u0442\u0435 \u043f\u0440\u043e\u0434\u0430\u0432\u0430\u0442\u044c \u043d\u0430 \u0432\u043d\u0443\u0442\u0440\u0435\u043d\u043d\u0435\u043c \u0440\u044b\u043d\u043a\u0435, \u043d\u043e \u0432\u044b \u043d\u0435 \u0445\u043e\u0442\u0438\u0442\u0435 \u0438\u043c\u0435\u0442\u044c \u0434\u0435\u043b\u043e \u0441 \u043d\u0435\u043e\u0431\u0445\u043e\u0434\u0438\u043c\u044b\u043c\u0438 \u044e\u0440\u0438\u0434\u0438\u0447\u0435\u0441\u043a\u0438\u043c\u0438 \u0440\u0430\u0437\u0440\u0435\u0448\u0435\u043d\u0438\u044f\u043c\u0438 \u0434\u043b\u044f \u0438\u043c\u043f\u043e\u0440\u0442\u043d\u044b\u0445 \u043e\u043f\u0435\u0440\u0430\u0446\u0438\u0439, \u043c\u044b \u043f\u043e\u043b\u0443\u0447\u0430\u0435\u043c \u044e\u0440\u0438\u0434\u0438\u0447\u0435\u0441\u043a\u0438\u0435 \u0440\u0430\u0437\u0440\u0435\u0448\u0435\u043d\u0438\u044f \u043d\u0430 \u043f\u0440\u043e\u0434\u0443\u043a\u0442\u044b, \u043a\u043e\u0442\u043e\u0440\u044b\u0435 \u0432\u044b \u0437\u0430\u043f\u0440\u0430\u0448\u0438\u0432\u0430\u0435\u0442\u0435, \u0441 \u043d\u0430\u0438\u0431\u043e\u043b\u0435\u0435 \u0432\u044b\u0433\u043e\u0434\u043d\u044b\u043c\u0438 \u0434\u043b\u044f \u0432\u0430\u0441 \u0440\u0435\u0448\u0435\u043d\u0438\u044f\u043c\u0438, \u0438\u043c\u043f\u043e\u0440\u0442\u0438\u0440\u0443\u0435\u043c \u0438\u0445 \u0438 \u0434\u043e\u0441\u0442\u0430\u0432\u043b\u044f\u0435\u043c \u0432\u0430\u0448 \u0437\u0430\u043a\u0430\u0437 \u043a \u0432\u0430\u0448\u0435\u0439 \u0434\u0432\u0435\u0440\u0438. \u041c\u044b \u0442\u0430\u043a\u0436\u0435 \u043d\u0435 \u0445\u043e\u0442\u0438\u043c \u0437\u0430\u043d\u0438\u043c\u0430\u0442\u044c\u0441\u044f \u0442\u0435\u043c, \u0431\u0443\u0434\u0435\u0442 \u043b\u0438 \u043f\u0440\u043e\u0435\u043a\u0442\u043d\u0430\u044f \u0432\u043d\u0435\u0448\u043d\u044f\u044f \u0442\u043e\u0440\u0433\u043e\u0432\u043b\u044f \u043e\u0442\u043f\u0440\u0430\u0432\u043b\u044f\u0442\u044c \u0442\u043e\u0432\u0430\u0440\u044b \u0437\u0430 \u0433\u0440\u0430\u043d\u0438\u0446\u0443 \u0434\u043b\u044f \u043f\u043e\u0441\u0442\u0430\u0432\u043a\u0438 \u043f\u0440\u043e\u0434\u0443\u043a\u0446\u0438\u0438 \u0438\u0437 \u0422\u0443\u0440\u0446\u0438\u0438 \u0438\u043b\u0438 \u0437\u0430 \u0433\u0440\u0430\u043d\u0438\u0446\u0443, \u0431\u0443\u0434\u044c \u0442\u043e \u0441\u0442\u0440\u043e\u0438\u0442\u0435\u043b\u044c\u043d\u044b\u0435 \u043a\u043e\u043c\u043f\u0430\u043d\u0438\u0438 \u0434\u043b\u044f \u044d\u043a\u0441\u043f\u043e\u0440\u0442\u0430 \u0447\u0435\u0440\u0435\u0437 \u043d\u0430\u0448\u0443 \u0441\u043e\u0431\u0441\u0442\u0432\u0435\u043d\u043d\u0443\u044e \u043a\u043e\u043c\u043f\u0430\u043d\u0438\u044e.<\/p><\/div>\n\t\t\t\t<\/div>\n\t\t\t\t\t\t\t<div class=\"elementor-toggle-item\">\n\t\t\t\t\t<div id=\"elementor-tab-title-1505\" class=\"elementor-tab-title\" data-tab=\"5\" role=\"tab\" aria-controls=\"elementor-tab-content-1505\" aria-expanded=\"false\">\n\t\t\t\t\t\t\t\t\t\t\t\t<span class=\"elementor-toggle-icon elementor-toggle-icon-left\" aria-hidden=\"true\">\n\t\t\t\t\t\t\t\t\t\t\t\t\t\t\t<span class=\"elementor-toggle-icon-closed\"><i class=\"fas fa-caret-right\"><\/i><\/span>\n\t\t\t\t\t\t\t\t<span class=\"elementor-toggle-icon-opened\"><i class=\"elementor-toggle-icon-opened fas fa-caret-up\"><\/i><\/span>\n\t\t\t\t\t\t\t\t\t\t\t\t\t<\/span>\n\t\t\t\t\t\t\t\t\t\t\t\t<a href=\"\" class=\"elementor-toggle-title\">\u041a\u0430\u043a \u044f \u043c\u043e\u0433\u0443 \u0432\u044b\u0432\u043e\u0437\u0438\u0442\u044c \u043a\u0443\u043f\u043b\u0435\u043d\u043d\u0443\u044e \u043f\u0440\u043e\u0434\u0443\u043a\u0446\u0438\u044e \u0438\u0437 \u0441\u0442\u0440\u0430\u043d\u044b \u0431\u0435\u0437 \u043d\u0435\u043e\u0431\u0445\u043e\u0434\u0438\u043c\u044b\u0445 \u0434\u043e\u043a\u0443\u043c\u0435\u043d\u0442\u043e\u0432?<\/a>\n\t\t\t\t\t<\/div>\n\n\t\t\t\t\t<div id=\"elementor-tab-content-1505\" class=\"elementor-tab-content elementor-clearfix\" data-tab=\"5\" role=\"tabpanel\" aria-labelledby=\"elementor-tab-title-1505\"><p>\u041a\u0430\u043a Fi\u015f Group, \u0432\u044b \u0433\u043e\u0442\u043e\u0432\u0438\u0442\u0435 \u0432\u0441\u0435 \u0434\u043e\u043a\u0443\u043c\u0435\u043d\u0442\u044b \/ \u0442\u0435\u0441\u0442\u044b, \u043d\u0435\u043e\u0431\u0445\u043e\u0434\u0438\u043c\u044b\u0435 \u0434\u043b\u044f \u044d\u043a\u0441\u043f\u043e\u0440\u0442\u0430 \u0438 \u0442\u0440\u0430\u043d\u0441\u043f\u043e\u0440\u0442\u0438\u0440\u043e\u0432\u043a\u0438 \u0434\u043b\u044f \u043a\u0430\u0436\u0434\u043e\u0433\u043e \u043f\u0440\u043e\u0434\u0443\u043a\u0442\u0430 \u0441 \u0432\u044b\u0441\u0442\u0430\u0432\u043b\u0435\u043d\u043d\u044b\u043c \u0441\u0447\u0435\u0442\u043e\u043c, \u043a\u043e\u0442\u043e\u0440\u044b\u0439 \u0432\u044b \u043f\u043e\u043a\u0443\u043f\u0430\u0435\u0442\u0435 \u0432\u043d\u0443\u0442\u0440\u0438 \u0441\u0442\u0440\u0430\u043d\u044b \u0432 \u0440\u0430\u043c\u043a\u0430\u0445 \u043f\u0440\u0430\u0432\u043e\u0432\u044b\u0445 \u043d\u043e\u0440\u043c, \u0438 \u0432\u044b \u043c\u043e\u0436\u0435\u0442\u0435 \u0441\u043f\u043e\u043a\u043e\u0439\u043d\u043e \u044d\u043a\u0441\u043f\u043e\u0440\u0442\u0438\u0440\u043e\u0432\u0430\u0442\u044c \u0441\u0432\u043e\u044e \u043f\u0440\u043e\u0434\u0443\u043a\u0446\u0438\u044e.<\/p><\/div>\n\t\t\t\t<\/div>\n\t\t\t\t\t\t\t<div class=\"elementor-toggle-item\">\n\t\t\t\t\t<div id=\"elementor-tab-title-1506\" class=\"elementor-tab-title\" data-tab=\"6\" role=\"tab\" aria-controls=\"elementor-tab-content-1506\" aria-expanded=\"false\">\n\t\t\t\t\t\t\t\t\t\t\t\t<span class=\"elementor-toggle-icon elementor-toggle-icon-left\" aria-hidden=\"true\">\n\t\t\t\t\t\t\t\t\t\t\t\t\t\t\t<span class=\"elementor-toggle-icon-closed\"><i class=\"fas fa-caret-right\"><\/i><\/span>\n\t\t\t\t\t\t\t\t<span class=\"elementor-toggle-icon-opened\"><i class=\"elementor-toggle-icon-opened fas fa-caret-up\"><\/i><\/span>\n\t\t\t\t\t\t\t\t\t\t\t\t\t<\/span>\n\t\t\t\t\t\t\t\t\t\t\t\t<a href=\"\" class=\"elementor-toggle-title\">\u041a\u0442\u043e \u043f\u043e\u0441\u043e\u0432\u0435\u0442\u0443\u0435\u0442?<\/a>\n\t\t\t\t\t<\/div>\n\n\t\t\t\t\t<div id=\"elementor-tab-content-1506\" class=\"elementor-tab-content elementor-clearfix\" data-tab=\"6\" role=\"tabpanel\" aria-labelledby=\"elementor-tab-title-1506\"><p>\u041e\u0431\u0441\u043b\u0443\u0436\u0438\u0432\u0430\u044e\u0442 \u043e\u0441\u043d\u043e\u0432\u0430\u0442\u0435\u043b\u0438 \u043d\u0430\u0448\u0435\u0439 \u043a\u043e\u043c\u043f\u0430\u043d\u0438\u0438, \u043a\u043e\u0442\u043e\u0440\u044b\u0435 \u0440\u0430\u0431\u043e\u0442\u0430\u044e\u0442 \u0432\u043e \u0432\u043d\u0435\u0448\u043d\u0435\u0442\u043e\u0440\u0433\u043e\u0432\u043e\u043c \u0441\u0435\u043a\u0442\u043e\u0440\u0435 \u0441 2001 \u0433\u043e\u0434\u0430, \u0438 \u043d\u0430\u0448\u0430 \u043a\u043e\u043c\u0430\u043d\u0434\u0430 \u0438\u0437 22 \u0447\u0435\u043b\u043e\u0432\u0435\u043a, \u043a\u043e\u0442\u043e\u0440\u044b\u0435 \u0440\u0430\u0437\u0432\u0438\u0432\u0430\u044e\u0442\u0441\u044f \u0432 \u0441\u043c\u0435\u0436\u043d\u044b\u0445 \u043e\u0431\u043b\u0430\u0441\u0442\u044f\u0445.<\/p><\/div>\n\t\t\t\t<\/div>\n\t\t\t\t\t\t\t<div class=\"elementor-toggle-item\">\n\t\t\t\t\t<div id=\"elementor-tab-title-1507\" class=\"elementor-tab-title\" data-tab=\"7\" role=\"tab\" aria-controls=\"elementor-tab-content-1507\" aria-expanded=\"false\">\n\t\t\t\t\t\t\t\t\t\t\t\t<span class=\"elementor-toggle-icon elementor-toggle-icon-left\" aria-hidden=\"true\">\n\t\t\t\t\t\t\t\t\t\t\t\t\t\t\t<span class=\"elementor-toggle-icon-closed\"><i class=\"fas fa-caret-right\"><\/i><\/span>\n\t\t\t\t\t\t\t\t<span class=\"elementor-toggle-icon-opened\"><i class=\"elementor-toggle-icon-opened fas fa-caret-up\"><\/i><\/span>\n\t\t\t\t\t\t\t\t\t\t\t\t\t<\/span>\n\t\t\t\t\t\t\t\t\t\t\t\t<a href=\"\" class=\"elementor-toggle-title\">\u042f \u043d\u0435 \u0432 \u0421\u0442\u0430\u043c\u0431\u0443\u043b\u0435, \u043a\u0430\u043a \u043c\u043d\u0435 \u043f\u043e\u043b\u0443\u0447\u0438\u0442\u044c \u043f\u043e\u0434\u0434\u0435\u0440\u0436\u043a\u0443?<\/a>\n\t\t\t\t\t<\/div>\n\n\t\t\t\t\t<div id=\"elementor-tab-content-1507\" class=\"elementor-tab-content elementor-clearfix\" data-tab=\"7\" role=\"tabpanel\" aria-labelledby=\"elementor-tab-title-1507\"><p>\u0130stanbul dan\u0131\u015fmanl\u0131k deste\u011fi almak isteyen firmalarla \u00e7e\u015fitli aral\u0131klarla ziyaret ederek veya ofisimizde telefon ve video konferans yoluyla g\u00f6r\u00fc\u015fkerek hizmet. Proje temel i\u015flemlerde ilk 7 g\u00fcn firman\u0131n lokasyonunda gerekli altyap\u0131 ve evraklar\u0131n haz\u0131rlanmas\u0131 i\u00e7in s\u00fcrekli olarak hizmet vermekteyiz.<\/p><\/div>\n\t\t\t\t<\/div>\n\t\t\t\t\t\t\t\t<\/div>\n\t\t\t\t<\/div>\n\t\t\t\t<\/div>\n\t\t\t\t<div class=\"elementor-element elementor-element-62c0094 elementor-widget-divider--view-line elementor-widget elementor-widget-divider\" data-id=\"62c0094\" data-element_type=\"widget\" data-widget_type=\"divider.default\">\n\t\t\t\t<div class=\"elementor-widget-container\">\n\t\t\t\t\t<div class=\"elementor-divider\">\n\t\t\t<span class=\"elementor-divider-separator\">\n\t\t\t\t\t\t<\/span>\n\t\t<\/div>\n\t\t\t\t<\/div>\n\t\t\t\t<\/div>\n\t\t\t\t\t\t<\/div>\n\t\t\t\t\t<\/div>\n\t\t<\/div>\n\t\t\t\t\t\t\t\t<\/div>\n\t\t\t\t\t<\/div>\n\t\t<\/section>\n\t\t\t\t<section class=\"elementor-section elementor-top-section elementor-element elementor-element-4ca3c89 elementor-section-boxed elementor-section-height-default elementor-section-height-default\" data-id=\"4ca3c89\" data-element_type=\"section\">\n\t\t\t\t\t\t<div class=\"elementor-container elementor-column-gap-default\">\n\t\t\t\t\t\t\t<div class=\"elementor-row\">\n\t\t\t\t\t<div class=\"elementor-column elementor-col-100 elementor-top-column elementor-element elementor-element-e9d18b5\" data-id=\"e9d18b5\" data-element_type=\"column\">\n\t\t\t<div class=\"elementor-column-wrap elementor-element-populated\">\n\t\t\t\t\t\t\t<div class=\"elementor-widget-wrap\">\n\t\t\t\t\t\t<div class=\"elementor-element elementor-element-d76e955 elementor-widget elementor-widget-heading\" data-id=\"d76e955\" data-element_type=\"widget\" data-widget_type=\"heading.default\">\n\t\t\t\t<div class=\"elementor-widget-container\">\n\t\t\t<h5 class=\"elementor-heading-title elementor-size-default\">\u041a\u043e\u0433\u0434\u0430 \u0432\u0430\u043c \u043d\u0443\u0436\u043d\u043e \u043f\u043e\u043b\u0443\u0447\u0438\u0442\u044c \u043a\u043e\u043d\u0441\u0443\u043b\u044c\u0442\u0430\u0446\u0438\u044e \u043f\u043e \u0432\u043d\u0435\u0448\u043d\u0435\u0439 \u0442\u043e\u0440\u0433\u043e\u0432\u043b\u0435?<\/h5>\t\t<\/div>\n\t\t\t\t<\/div>\n\t\t\t\t<div class=\"elementor-element elementor-element-9001726 elementor-widget elementor-widget-text-editor\" data-id=\"9001726\" data-element_type=\"widget\" data-widget_type=\"text-editor.default\">\n\t\t\t\t<div class=\"elementor-widget-container\">\n\t\t\t\t\t\t\t\t<div class=\"elementor-text-editor elementor-clearfix\">\n\t\t\t\t<ul>\n<li>\u041f\u0440\u0435\u043e\u0434\u043e\u043b\u0435\u043d\u0438\u0435 \u0440\u043e\u0441\u0442\u0430 \u043f\u0440\u043e\u0431\u043b\u0435\u043c \u0438 \u043e\u0440\u0438\u0435\u043d\u0442\u0430\u0446\u0438\u044f \u043d\u0430 \u0440\u0430\u0437\u0432\u0438\u0442\u0438\u0435,<\/li>\n<li>\u041f\u0440\u0438 \u0441\u0442\u0440\u0430\u0442\u0435\u0433\u0438\u0447\u0435\u0441\u043a\u043e\u043c \u0430\u043d\u0430\u043b\u0438\u0437\u0435 \u0438\u043b\u0438 \u043f\u043b\u0430\u043d\u0438\u0440\u043e\u0432\u0430\u043d\u0438\u0438,<\/li>\n<li>\u0414\u043b\u044f \u043e\u0440\u0438\u0435\u043d\u0442\u0430\u0446\u0438\u0438 \u043d\u0430 \u0438\u0437\u043c\u0435\u043d\u0435\u043d\u0438\u044f \u0438 \u0441\u043e\u0431\u044b\u0442\u0438\u044f \u043d\u0430 \u0440\u044b\u043d\u043a\u0435<\/li>\n<li>\u0412\u043e \u0432\u0440\u0435\u043c\u044f \u0444\u0438\u043d\u0430\u043d\u0441\u043e\u0432\u043e\u0433\u043e \u043a\u0440\u0438\u0437\u0438\u0441\u0430, \u0438\u0441\u043f\u044b\u0442\u044b\u0432\u0430\u044f \u0442\u0440\u0443\u0434\u043d\u043e\u0441\u0442\u0438 \u0441 \u0444\u0438\u043d\u0430\u043d\u0441\u0438\u0440\u043e\u0432\u0430\u043d\u0438\u0435\u043c \u0432\u043d\u0435\u0448\u043d\u0435\u0439 \u0442\u043e\u0440\u0433\u043e\u0432\u043b\u0438,<\/li>\n<li>\u041f\u0440\u0438 \u043e\u043f\u0440\u0435\u0434\u0435\u043b\u0435\u043d\u0438\u0438 \u0441\u043e\u043e\u0442\u0432\u0435\u0442\u0441\u0442\u0432\u0438\u044f \u043d\u043e\u0432\u044b\u0445 \u0440\u044b\u043d\u043a\u043e\u0432 \u0433\u0440\u0430\u0444\u0438\u043a\u0443 \u0440\u043e\u0441\u0442\u0430 \u043a\u043e\u043c\u043f\u0430\u043d\u0438\u0438,<\/li>\n<li>\u0414\u043b\u044f \u0431\u0440\u0435\u043d\u0434\u0438\u043d\u0433\u0430 \u0438 \u0440\u0430\u0437\u0432\u0438\u0442\u0438\u044f \u0431\u0440\u0435\u043d\u0434\u0430 \u043d\u0430 \u043c\u0438\u0440\u043e\u0432\u044b\u0445 \u0440\u044b\u043d\u043a\u0430\u0445<\/li>\n<li>\u041a\u043e\u0433\u0434\u0430 \u0434\u0435\u043d\u0435\u0436\u043d\u044b\u0439 \u043f\u043e\u0442\u043e\u043a \u043d\u0430\u0447\u0438\u043d\u0430\u0435\u0442 \u0441\u0442\u0430\u043d\u043e\u0432\u0438\u0442\u044c\u0441\u044f \u043d\u0435\u0440\u0435\u0433\u0443\u043b\u044f\u0440\u043d\u044b\u043c,<\/li>\n<li>\u041a\u043e\u0433\u0434\u0430 \u0434\u0435\u0444\u0435\u043a\u0442\u044b, \u0440\u0438\u0441\u043a\u0438 \u0438 \u0436\u0430\u043b\u043e\u0431\u044b \u0443\u0432\u0435\u043b\u0438\u0447\u0438\u0432\u0430\u044e\u0442\u0441\u044f \u0434\u043b\u044f \u043f\u0440\u043e\u0434\u0443\u043a\u0442\u0430\/\u0443\u0441\u043b\u0443\u0433\u0438<\/li>\n<li>\u041c\u0430\u0440\u043a\u0435\u0442\u0438\u043d\u0433 \u0438\u043d\u043d\u043e\u0432\u0430\u0446\u0438\u043e\u043d\u043d\u044b\u0445 \u043f\u0440\u043e\u0434\u0443\u043a\u0442\u043e\u0432 \u0432 \u0433\u043b\u043e\u0431\u0430\u043b\u044c\u043d\u043e\u043c \u043c\u0438\u0440\u0435<\/li>\n<li>\u041a\u043e\u0433\u0434\u0430 \u0432\u044b \u043d\u0435 \u043c\u043e\u0436\u0435\u0442\u0435 \u043f\u043e\u043b\u0443\u0447\u0438\u0442\u044c \u0441\u0442\u0440\u0430\u0442\u0435\u0433\u0438\u0447\u0435\u0441\u043a\u0438\u0435 \u0440\u0435\u0448\u0435\u043d\u0438\u044f,<\/li>\n<\/ul>\t\t\t\t\t<\/div>\n\t\t\t\t\t\t<\/div>\n\t\t\t\t<\/div>\n\t\t\t\t\t\t<\/div>\n\t\t\t\t\t<\/div>\n\t\t<\/div>\n\t\t\t\t\t\t\t\t<\/div>\n\t\t\t\t\t<\/div>\n\t\t<\/section>\n\t\t\t\t\t\t<\/div>\n\t\t\t\t\t\t<\/div>\n\t\t\t\t\t<\/div>\n\t\t","protected":false},"excerpt":{"rendered":"<p>\u0421\u043a\u043e\u043b\u044c\u043a\u043e \u043b\u0435\u0442 \u0432\u044b \u043f\u0440\u0435\u0434\u043e\u0441\u0442\u0430\u0432\u043b\u044f\u0435\u0442\u0435 \u043a\u043e\u043d\u0441\u0443\u043b\u044c\u0442\u0430\u0446\u0438\u043e\u043d\u043d\u044b\u0435 \u0443\u0441\u043b\u0443\u0433\u0438? \u041c\u044b \u043f\u0440\u043e\u0434\u043e\u043b\u0436\u0430\u0435\u043c \u043d\u0430\u0448 \u043f\u0443\u0442\u044c, \u043d\u0430\u0447\u0430\u0442\u044b\u0439 \u0432 \u043a\u043e\u0440\u043f\u043e\u0440\u0430\u0442\u0438\u0432\u043d\u043e\u0439 \u043a\u043e\u043c\u043f\u0430\u043d\u0438\u0438 \u0432 2001 \u0433\u043e\u0434\u0443, \u043f\u043e \u0441\u043e\u0441\u0442\u043e\u044f\u043d\u0438\u044e \u043d\u0430 2017 \u0433\u043e\u0434 \u0432 \u0440\u0435\u0437\u0443\u043b\u044c\u0442\u0430\u0442\u0435 \u043d\u0430\u0448\u0438\u0445 \u043c\u0435\u0436\u0434\u0443\u043d\u0430\u0440\u043e\u0434\u043d\u044b\u0445 \u0441\u0432\u044f\u0437\u0435\u0439 \u0438 \u0432\u044b\u0441\u043e\u043a\u0438\u0445 \u0442\u0440\u0435\u0431\u043e\u0432\u0430\u043d\u0438\u0439 \u0432 \u043d\u0430\u0448\u0435\u0439 \u0441\u043e\u0431\u0441\u0442\u0432\u0435\u043d\u043d\u043e\u0439 \u043a\u043e\u043c\u043f\u0430\u043d\u0438\u0438. \u041e\u0440\u0433\u0430\u043d\u0438\u0437\u0443\u0435\u0442\u0435 \u043b\u0438 \u0432\u044b \u0442\u0440\u0435\u043d\u0438\u043d\u0433\u0438 \u043f\u043e \u0432\u043d\u0435\u0448\u043d\u0435\u0439 \u0442\u043e\u0440\u0433\u043e\u0432\u043b\u0435? \u0421 2021 \u0433\u043e\u0434\u0430 \u043d\u0430\u0447\u043d\u0443\u0442\u0441\u044f \u043d\u0430\u0448\u0438 \u0441\u0435\u043c\u0438\u043d\u0430\u0440\u044b \u0438 \u0442\u0440\u0435\u043d\u0438\u043d\u0433\u0438 \u043f\u043e \u043e\u0431\u0449\u0435\u0439 \u0432\u043d\u0435\u0448\u043d\u0435\u0439 \u0442\u043e\u0440\u0433\u043e\u0432\u043b\u0435. \u041a\u0430\u043a\u0438\u0435 \u043e\u0442\u0440\u0430\u0441\u043b\u0438 [&hellip;]<\/p>\n","protected":false},"author":1,"featured_media":0,"parent":0,"menu_order":0,"comment_status":"closed","ping_status":"closed","template":"","meta":{"footnotes":""},"_links":{"self":[{"href":"https:\/\/fisdanismanlik.com\/ru\/wp-json\/wp\/v2\/pages\/3736"}],"collection":[{"href":"https:\/\/fisdanismanlik.com\/ru\/wp-json\/wp\/v2\/pages"}],"about":[{"href":"https:\/\/fisdanismanlik.com\/ru\/wp-json\/wp\/v2\/types\/page"}],"author":[{"embeddable":true,"href":"https:\/\/fisdanismanlik.com\/ru\/wp-json\/wp\/v2\/users\/1"}],"replies":[{"embeddable":true,"href":"https:\/\/fisdanismanlik.com\/ru\/wp-json\/wp\/v2\/comments?post=3736"}],"version-history":[{"count":12,"href":"https:\/\/fisdanismanlik.com\/ru\/wp-json\/wp\/v2\/pages\/3736\/revisions"}],"predecessor-version":[{"id":3841,"href":"https:\/\/fisdanismanlik.com\/ru\/wp-json\/wp\/v2\/pages\/3736\/revisions\/3841"}],"wp:attachment":[{"href":"https:\/\/fisdanismanlik.com\/ru\/wp-json\/wp\/v2\/media?parent=3736"}],"curies":[{"name":"wp","href":"https:\/\/api.w.org\/{rel}","templated":true}]}}