{"id":21,"date":"2020-02-10T22:19:10","date_gmt":"2020-02-10T22:19:10","guid":{"rendered":"http:\/\/zikzag.wgl-demo.net\/?page_id=21"},"modified":"2022-03-08T08:56:17","modified_gmt":"2022-03-08T08:56:17","slug":"iletisim","status":"publish","type":"page","link":"https:\/\/fisdanismanlik.com\/ru\/iletisim\/","title":{"rendered":"\u041a\u041e\u041d\u0422\u0410\u041a\u0422\u042b"},"content":{"rendered":"\t\t<div data-elementor-type=\"wp-page\" data-elementor-id=\"21\" class=\"elementor elementor-21\" data-elementor-settings=\"[]\">\n\t\t\t\t\t\t<div class=\"elementor-inner\">\n\t\t\t\t\t\t\t<div class=\"elementor-section-wrap\">\n\t\t\t\t\t\t\t<section class=\"elementor-section elementor-top-section elementor-element elementor-element-9d335cc elementor-section-content-middle elementor-section-boxed elementor-section-height-default elementor-section-height-default\" data-id=\"9d335cc\" data-element_type=\"section\">\n\t\t\t\t\t\t<div class=\"elementor-container elementor-column-gap-no\">\n\t\t\t\t\t\t\t<div class=\"elementor-row\">\n\t\t\t\t\t<div class=\"elementor-column elementor-col-50 elementor-top-column elementor-element elementor-element-77cf260\" data-id=\"77cf260\" data-element_type=\"column\">\n\t\t\t<div class=\"elementor-column-wrap elementor-element-populated\">\n\t\t\t\t\t\t\t<div class=\"elementor-widget-wrap\">\n\t\t\t\t\t\t<div class=\"elementor-element elementor-element-a45e8a7 elementor-widget elementor-widget-wgl-image-animate\" data-id=\"a45e8a7\" data-element_type=\"widget\" data-widget_type=\"wgl-image-animate.default\">\n\t\t\t\t<div class=\"elementor-widget-container\">\n\t\t\t<div class=\"wgl-image-animate\"><div class=\"img-layer_image-wrapper none\" style=\"z-index: 1\">\n                <div class=\"img-layer_item\" style=\"transform: translate(0%, 0%);\">\n                    <div class=\"img-layer_image\" style=\"animation-duration: 2s;\">\n                        <img decoding=\"async\" src=\"https:\/\/fisdanismanlik.com\/ru\/wp-content\/uploads\/2020\/02\/contacts_01-1.png\" alt=\"contacts_01-1\" \/>\n                    <\/div>\n                <\/div>\n            <\/div> <div class=\"img-layer_image-wrapper left_right\" style=\"z-index: 1\">\n                <div class=\"img-layer_item\" style=\"transform: translate(0%, 0%);\">\n                    <div class=\"img-layer_image\" style=\"animation-duration: 4s;\">\n                        <img decoding=\"async\" src=\"https:\/\/fisdanismanlik.com\/ru\/wp-content\/uploads\/2020\/02\/contacts_01-2.png\" alt=\"contacts_01-2\" \/>\n                    <\/div>\n                <\/div>\n            <\/div> <div class=\"img-layer_image-wrapper up_down\" style=\"z-index: 1\">\n                <div class=\"img-layer_item\" style=\"transform: translate(0%, 0%);\">\n                    <div class=\"img-layer_image\" style=\"animation-duration: 3s;\">\n                        <img decoding=\"async\" src=\"https:\/\/fisdanismanlik.com\/ru\/wp-content\/uploads\/2020\/02\/contacts_01-3.png\" alt=\"contacts_01-3\" \/>\n                    <\/div>\n                <\/div>\n            <\/div> <div class=\"img-layer_image-wrapper up_down\" style=\"z-index: 1\">\n                <div class=\"img-layer_item\" style=\"transform: translate(0%, 0%);\">\n                    <div class=\"img-layer_image\" style=\"animation-duration: 3.5s;\">\n                        <img decoding=\"async\" src=\"https:\/\/fisdanismanlik.com\/ru\/wp-content\/uploads\/2020\/02\/contacts_01-4.png\" alt=\"contacts_01-4\" \/>\n                    <\/div>\n                <\/div>\n            <\/div> <div class=\"img-layer_image-wrapper up_down\" style=\"z-index: 1\">\n                <div class=\"img-layer_item\" style=\"transform: translate(0%, 0%);\">\n                    <div class=\"img-layer_image\" style=\"animation-duration: 4s;\">\n                        <img decoding=\"async\" src=\"https:\/\/fisdanismanlik.com\/ru\/wp-content\/uploads\/2020\/02\/contacts_01-5.png\" alt=\"contacts_01-5\" \/>\n                    <\/div>\n                <\/div>\n            <\/div> <\/div>\t\t<\/div>\n\t\t\t\t<\/div>\n\t\t\t\t\t\t<\/div>\n\t\t\t\t\t<\/div>\n\t\t<\/div>\n\t\t\t\t<div class=\"elementor-column elementor-col-50 elementor-top-column elementor-element elementor-element-2c12f00\" data-id=\"2c12f00\" data-element_type=\"column\">\n\t\t\t<div class=\"elementor-column-wrap elementor-element-populated\">\n\t\t\t\t\t\t\t<div class=\"elementor-widget-wrap\">\n\t\t\t\t\t\t<div class=\"elementor-element elementor-element-983de67 aleft elementor-widget elementor-widget-wgl-double-headings\" data-id=\"983de67\" data-element_type=\"widget\" data-widget_type=\"wgl-double-headings.default\">\n\t\t\t\t<div class=\"elementor-widget-container\">\n\t\t\t<div class=\"wgl-double_heading\"><div class=\"dbl__subtitle\"><span>\u041a\u041e\u041d\u0422\u0410\u041a\u0422\u042b<\/span><\/div><h3 class=\"dbl__title-wrapper\"><span class=\"dbl__title\">\u0441\u0432\u044f\u0437\u0430\u0442\u044c\u0441\u044f \u0441 \u043d\u0430\u043c\u0438<\/span><\/h3><\/div>\t\t<\/div>\n\t\t\t\t<\/div>\n\t\t\t\t<div class=\"elementor-element elementor-element-df030ad elementor-widget elementor-widget-text-editor\" data-id=\"df030ad\" data-element_type=\"widget\" data-widget_type=\"text-editor.default\">\n\t\t\t\t<div class=\"elementor-widget-container\">\n\t\t\t\t\t\t\t\t<div class=\"elementor-text-editor elementor-clearfix\">\n\t\t\t\t<p style=\"margin-bottom: 10px;\">\u0412\u044b \u043c\u043e\u0436\u0435\u0442\u0435 \u0438\u0441\u043f\u043e\u043b\u044c\u0437\u043e\u0432\u0430\u0442\u044c \u043f\u0440\u0438\u0432\u0435\u0434\u0435\u043d\u043d\u0443\u044e \u043d\u0438\u0436\u0435 \u0438\u043d\u0444\u043e\u0440\u043c\u0430\u0446\u0438\u044e, \u0447\u0442\u043e\u0431\u044b \u0441\u0432\u044f\u0437\u0430\u0442\u044c\u0441\u044f \u0441 \u043d\u0430\u043c\u0438.<\/p>\t\t\t\t\t<\/div>\n\t\t\t\t\t\t<\/div>\n\t\t\t\t<\/div>\n\t\t\t\t<div class=\"elementor-element elementor-element-be7b5c1 elementor-view-stacked aleft has-font elementor-widget-icon-box wgl-icon-box elementor-shape-circle elementor-widget elementor-widget-wgl-info-box\" data-id=\"be7b5c1\" data-element_type=\"widget\" data-widget_type=\"wgl-info-box.default\">\n\t\t\t\t<div class=\"elementor-widget-container\">\n\t\t\t<div class=\"wgl-infobox  wgl-layout-left\"><div class=\"media-wrapper icon-wrapper\"><span class=\"wgl-icon\" ><i class=\"icon elementor-icon flaticon flaticon-placeholder\" aria-hidden=\"true\"><\/i><\/span><\/div><div class=\"wgl-infobox_wrapper\"><div class=\"wgl-infobox-title_wrapper\"><\/div><div class=\"content_wrapper\"><div class=\"wgl-infobox_content\"><p style=\"font-weight: 800; color: #222222; margin-bottom: 0px;\">\u0410\u0434\u0440\u0435\u0441:<\/p>\nMaslak Mah. B\u00fcy\u00fckdere Cad. Uso Center N:245 K:3 D:11-14 Sar\u0131yer \/ \u0130stanbul<\/div><\/div><\/div><\/div>\t\t<\/div>\n\t\t\t\t<\/div>\n\t\t\t\t<div class=\"elementor-element elementor-element-781e604 elementor-widget elementor-widget-spacer\" data-id=\"781e604\" data-element_type=\"widget\" data-widget_type=\"spacer.default\">\n\t\t\t\t<div class=\"elementor-widget-container\">\n\t\t\t\t\t<div class=\"elementor-spacer\">\n\t\t\t<div class=\"elementor-spacer-inner\"><\/div>\n\t\t<\/div>\n\t\t\t\t<\/div>\n\t\t\t\t<\/div>\n\t\t\t\t<div class=\"elementor-element elementor-element-a7ccedd elementor-view-stacked aleft has-font elementor-widget-icon-box wgl-icon-box elementor-shape-circle elementor-widget elementor-widget-wgl-info-box\" data-id=\"a7ccedd\" data-element_type=\"widget\" data-widget_type=\"wgl-info-box.default\">\n\t\t\t\t<div class=\"elementor-widget-container\">\n\t\t\t<div class=\"wgl-infobox  wgl-layout-left\"><div class=\"media-wrapper icon-wrapper\"><span class=\"wgl-icon\" ><i class=\"icon elementor-icon flaticon flaticon-email\" aria-hidden=\"true\"><\/i><\/span><\/div><div class=\"wgl-infobox_wrapper\"><div class=\"wgl-infobox-title_wrapper\"><\/div><div class=\"content_wrapper\"><div class=\"wgl-infobox_content\"><p style=\"font-weight: 800; color: #222222; margin-bottom: 0px;\">\u042d\u043b\u0435\u043a\u0442\u0440\u043e\u043d\u043d\u0430\u044f \u043f\u043e\u0447\u0442\u0430:<\/p><p>info@fisdanismanlik.com<\/p><\/div><\/div><\/div><\/div>\t\t<\/div>\n\t\t\t\t<\/div>\n\t\t\t\t<div class=\"elementor-element elementor-element-f34f5cc elementor-widget elementor-widget-spacer\" data-id=\"f34f5cc\" data-element_type=\"widget\" data-widget_type=\"spacer.default\">\n\t\t\t\t<div class=\"elementor-widget-container\">\n\t\t\t\t\t<div class=\"elementor-spacer\">\n\t\t\t<div class=\"elementor-spacer-inner\"><\/div>\n\t\t<\/div>\n\t\t\t\t<\/div>\n\t\t\t\t<\/div>\n\t\t\t\t<div class=\"elementor-element elementor-element-b493351 elementor-view-stacked aleft has-font elementor-widget-icon-box wgl-icon-box elementor-shape-circle elementor-widget elementor-widget-wgl-info-box\" data-id=\"b493351\" data-element_type=\"widget\" data-widget_type=\"wgl-info-box.default\">\n\t\t\t\t<div class=\"elementor-widget-container\">\n\t\t\t<div class=\"wgl-infobox  wgl-layout-left\"><div class=\"media-wrapper icon-wrapper\"><span class=\"wgl-icon\" ><i class=\"icon elementor-icon flaticon flaticon-phone-call\" aria-hidden=\"true\"><\/i><\/span><\/div><div class=\"wgl-infobox_wrapper\"><div class=\"wgl-infobox-title_wrapper\"><\/div><div class=\"content_wrapper\"><div class=\"wgl-infobox_content\"><p style=\"font-weight: 800; color: #222222; margin-bottom: 0px;\">\u0422\u0435\u043b\u0435\u0444\u043e\u043d:<\/p><p>+90 212 577 1414<\/p><\/div><\/div><\/div><\/div>\t\t<\/div>\n\t\t\t\t<\/div>\n\t\t\t\t\t\t<\/div>\n\t\t\t\t\t<\/div>\n\t\t<\/div>\n\t\t\t\t\t\t\t\t<\/div>\n\t\t\t\t\t<\/div>\n\t\t<\/section>\n\t\t\t\t<section class=\"elementor-section elementor-top-section elementor-element elementor-element-05ed0bb elementor-section-boxed elementor-section-height-default elementor-section-height-default\" data-id=\"05ed0bb\" data-element_type=\"section\">\n\t\t\t\t\t\t<div class=\"elementor-container elementor-column-gap-default\">\n\t\t\t\t\t\t\t<div class=\"elementor-row\">\n\t\t\t\t\t<div class=\"elementor-column elementor-col-100 elementor-top-column elementor-element elementor-element-286f665\" data-id=\"286f665\" data-element_type=\"column\">\n\t\t\t<div class=\"elementor-column-wrap elementor-element-populated\">\n\t\t\t\t\t\t\t<div class=\"elementor-widget-wrap\">\n\t\t\t\t\t\t<div class=\"elementor-element elementor-element-eb9b8f8 elementor-widget elementor-widget-spacer\" data-id=\"eb9b8f8\" data-element_type=\"widget\" data-widget_type=\"spacer.default\">\n\t\t\t\t<div class=\"elementor-widget-container\">\n\t\t\t\t\t<div class=\"elementor-spacer\">\n\t\t\t<div class=\"elementor-spacer-inner\"><\/div>\n\t\t<\/div>\n\t\t\t\t<\/div>\n\t\t\t\t<\/div>\n\t\t\t\t\t\t<\/div>\n\t\t\t\t\t<\/div>\n\t\t<\/div>\n\t\t\t\t\t\t\t\t<\/div>\n\t\t\t\t\t<\/div>\n\t\t<\/section>\n\t\t\t\t<section class=\"elementor-section elementor-top-section elementor-element elementor-element-88cbe9c elementor-section-boxed elementor-section-height-default elementor-section-height-default\" data-id=\"88cbe9c\" data-element_type=\"section\">\n\t\t\t\t\t\t<div class=\"elementor-container elementor-column-gap-default\">\n\t\t\t\t\t\t\t<div class=\"elementor-row\">\n\t\t\t\t\t<div class=\"elementor-column elementor-col-100 elementor-top-column elementor-element elementor-element-7be9aad\" data-id=\"7be9aad\" data-element_type=\"column\">\n\t\t\t<div class=\"elementor-column-wrap elementor-element-populated\">\n\t\t\t\t\t\t\t<div class=\"elementor-widget-wrap\">\n\t\t\t\t\t\t<section class=\"elementor-section elementor-inner-section elementor-element elementor-element-dc174b8 elementor-section-boxed elementor-section-height-default elementor-section-height-default\" data-id=\"dc174b8\" data-element_type=\"section\" data-settings=\"{&quot;background_background&quot;:&quot;classic&quot;}\">\n\t\t\t\t\t\t<div class=\"elementor-container elementor-column-gap-default\">\n\t\t\t\t\t\t\t<div class=\"elementor-row\">\n\t\t\t\t\t<div class=\"elementor-column elementor-col-100 elementor-inner-column elementor-element elementor-element-24e7a2c\" data-id=\"24e7a2c\" data-element_type=\"column\">\n\t\t\t<div class=\"elementor-column-wrap elementor-element-populated\">\n\t\t\t\t\t\t\t<div class=\"elementor-widget-wrap\">\n\t\t\t\t\t\t<div class=\"elementor-element elementor-element-032587e aleft elementor-widget elementor-widget-wgl-double-headings\" data-id=\"032587e\" data-element_type=\"widget\" data-widget_type=\"wgl-double-headings.default\">\n\t\t\t\t<div class=\"elementor-widget-container\">\n\t\t\t<div class=\"wgl-double_heading\"><h3 class=\"dbl__title-wrapper\"><span class=\"dbl__title\">\u041d\u0430\u043f\u0438\u0448\u0438\u0442\u0435 \u043d\u0430\u043c<\/span><\/h3><\/div>\t\t<\/div>\n\t\t\t\t<\/div>\n\t\t\t\t<div class=\"elementor-element elementor-element-1cd4b1d elementor-widget elementor-widget-text-editor\" data-id=\"1cd4b1d\" data-element_type=\"widget\" data-widget_type=\"text-editor.default\">\n\t\t\t\t<div class=\"elementor-widget-container\">\n\t\t\t\t\t\t\t\t<div class=\"elementor-text-editor elementor-clearfix\">\n\t\t\t\t<p>\u0412\u0430\u0448 \u044d\u043b\u0435\u043a\u0442\u0440\u043e\u043d\u043d\u043e\u0439 \u043f\u043e\u0447\u0442\u044b \u0430\u0434\u0440\u0435\u0441 \u0438 \u043a\u043e\u043d\u0442\u0430\u043a\u0442\u043d\u0430\u044f \u0438\u043d\u0444\u043e\u0440\u043c\u0430\u0446\u0438\u044f \u043d\u0435 \u0431\u0443\u0434\u0443\u0442 \u043e\u043f\u0443\u0431\u043b\u0438\u043a\u043e\u0432\u0430\u043d\u044b. \u041f\u043e\u043b\u044f \u0441\u043e \u0437\u043d\u0430\u043a\u043e\u043c * \u0434\u043e\u043b\u0436\u043d\u044b \u0431\u044b\u0442\u044c \u0437\u0430\u043f\u043e\u043b\u043d\u0435\u043d\u044b<\/p>\t\t\t\t\t<\/div>\n\t\t\t\t\t\t<\/div>\n\t\t\t\t<\/div>\n\t\t\t\t<div class=\"elementor-element elementor-element-c364e45 elementor-widget elementor-widget-shortcode\" data-id=\"c364e45\" data-element_type=\"widget\" data-widget_type=\"shortcode.default\">\n\t\t\t\t<div class=\"elementor-widget-container\">\n\t\t\t\t\t<div class=\"elementor-shortcode\">\n<div class=\"wpcf7 no-js\" id=\"wpcf7-f1230-o1\" lang=\"en-US\" dir=\"ltr\">\n<div class=\"screen-reader-response\"><p role=\"status\" aria-live=\"polite\" aria-atomic=\"true\"><\/p> <ul><\/ul><\/div>\n<form action=\"\/ru\/wp-json\/wp\/v2\/pages\/21#wpcf7-f1230-o1\" method=\"post\" class=\"wpcf7-form init\" aria-label=\"Contact form\" novalidate=\"novalidate\" data-status=\"init\">\n<div style=\"display: none;\">\n<input type=\"hidden\" name=\"_wpcf7\" value=\"1230\" \/>\n<input type=\"hidden\" name=\"_wpcf7_version\" value=\"5.8\" \/>\n<input type=\"hidden\" name=\"_wpcf7_locale\" value=\"en_US\" \/>\n<input type=\"hidden\" name=\"_wpcf7_unit_tag\" value=\"wpcf7-f1230-o1\" \/>\n<input type=\"hidden\" name=\"_wpcf7_container_post\" value=\"0\" \/>\n<input type=\"hidden\" name=\"_wpcf7_posted_data_hash\" value=\"\" \/>\n<\/div>\n<div class='row dark-form'>\n\t<div class='wgl_col-6'>\n\t\t<p><span class=\"wpcf7-form-control-wrap\" data-name=\"text-759\"><input size=\"40\" class=\"wpcf7-form-control wpcf7-text\" aria-invalid=\"false\" placeholder=\"\u0432\u0430\u0448\u0435 \u0438\u043c\u044f *\" value=\"\" type=\"text\" name=\"text-759\" \/><\/span>\n\t\t<\/p>\n\t<\/div>\n\t<div class='wgl_col-6'>\n\t\t<p><span class=\"wpcf7-form-control-wrap\" data-name=\"email-613\"><input size=\"40\" class=\"wpcf7-form-control wpcf7-email wpcf7-text wpcf7-validates-as-email\" aria-invalid=\"false\" placeholder=\"\u044d\u043b\u0435\u043a\u0442\u0440\u043e\u043d\u043d\u043e\u0439 \u043f\u043e\u0447\u0442\u044b *\" value=\"\" type=\"email\" name=\"email-613\" \/><\/span>\n\t\t<\/p>\n\t<\/div>\n\t<div class='wgl_col-12'>\n\t\t<p><span class=\"wpcf7-form-control-wrap\" data-name=\"textarea-876\"><textarea cols=\"40\" rows=\"10\" class=\"wpcf7-form-control wpcf7-textarea\" aria-invalid=\"false\" placeholder=\"\u0432\u0430\u0448\u0435 \u0441\u043e\u043e\u0431\u0449\u0435\u043d\u0438\u0435\" name=\"textarea-876\"><\/textarea><\/span>\n\t\t<\/p>\n\t<\/div>\n<\/div>\n<p><input class=\"wpcf7-form-control wpcf7-submit has-spinner\" type=\"submit\" value=\"\u041e\u0442\u043f\u0440\u0430\u0432\u0438\u0442\u044c\" \/>\n<\/p><div class=\"wpcf7-response-output\" aria-hidden=\"true\"><\/div>\n<\/form>\n<\/div>\n<\/div>\n\t\t\t\t<\/div>\n\t\t\t\t<\/div>\n\t\t\t\t\t\t<\/div>\n\t\t\t\t\t<\/div>\n\t\t<\/div>\n\t\t\t\t\t\t\t\t<\/div>\n\t\t\t\t\t<\/div>\n\t\t<\/section>\n\t\t\t\t\t\t<\/div>\n\t\t\t\t\t<\/div>\n\t\t<\/div>\n\t\t\t\t\t\t\t\t<\/div>\n\t\t\t\t\t<\/div>\n\t\t<\/section>\n\t\t\t\t<section class=\"elementor-section elementor-top-section elementor-element elementor-element-34e0da7 elementor-section-boxed elementor-section-height-default elementor-section-height-default\" data-id=\"34e0da7\" data-element_type=\"section\" data-settings=\"{&quot;background_background&quot;:&quot;classic&quot;}\">\n\t\t\t\t\t\t<div class=\"elementor-container elementor-column-gap-default\">\n\t\t\t\t\t\t\t<div class=\"elementor-row\">\n\t\t\t\t\t<div class=\"elementor-column elementor-col-100 elementor-top-column elementor-element elementor-element-1c57d28\" data-id=\"1c57d28\" data-element_type=\"column\">\n\t\t\t<div class=\"elementor-column-wrap\">\n\t\t\t\t\t\t\t<div class=\"elementor-widget-wrap\">\n\t\t\t\t\t\t\t\t<\/div>\n\t\t\t\t\t<\/div>\n\t\t<\/div>\n\t\t\t\t\t\t\t\t<\/div>\n\t\t\t\t\t<\/div>\n\t\t<\/section>\n\t\t\t\t\t\t<\/div>\n\t\t\t\t\t\t<\/div>\n\t\t\t\t\t<\/div>\n\t\t","protected":false},"excerpt":{"rendered":"<p>\u041a\u041e\u041d\u0422\u0410\u041a\u0422\u042b \u0441\u0432\u044f\u0437\u0430\u0442\u044c\u0441\u044f \u0441 \u043d\u0430\u043c\u0438 \u0412\u044b \u043c\u043e\u0436\u0435\u0442\u0435 \u0438\u0441\u043f\u043e\u043b\u044c\u0437\u043e\u0432\u0430\u0442\u044c \u043f\u0440\u0438\u0432\u0435\u0434\u0435\u043d\u043d\u0443\u044e \u043d\u0438\u0436\u0435 \u0438\u043d\u0444\u043e\u0440\u043c\u0430\u0446\u0438\u044e, \u0447\u0442\u043e\u0431\u044b \u0441\u0432\u044f\u0437\u0430\u0442\u044c\u0441\u044f \u0441 \u043d\u0430\u043c\u0438. \u0410\u0434\u0440\u0435\u0441: Maslak Mah. B\u00fcy\u00fckdere Cad. Uso Center N:245 K:3 D:11-14 Sar\u0131yer \/ \u0130stanbul \u042d\u043b\u0435\u043a\u0442\u0440\u043e\u043d\u043d\u0430\u044f \u043f\u043e\u0447\u0442\u0430: info@fisdanismanlik.com \u0422\u0435\u043b\u0435\u0444\u043e\u043d: +90 212 577 1414 \u041d\u0430\u043f\u0438\u0448\u0438\u0442\u0435 \u043d\u0430\u043c \u0412\u0430\u0448 \u044d\u043b\u0435\u043a\u0442\u0440\u043e\u043d\u043d\u043e\u0439 \u043f\u043e\u0447\u0442\u044b \u0430\u0434\u0440\u0435\u0441 \u0438 \u043a\u043e\u043d\u0442\u0430\u043a\u0442\u043d\u0430\u044f \u0438\u043d\u0444\u043e\u0440\u043c\u0430\u0446\u0438\u044f \u043d\u0435 \u0431\u0443\u0434\u0443\u0442 \u043e\u043f\u0443\u0431\u043b\u0438\u043a\u043e\u0432\u0430\u043d\u044b. \u041f\u043e\u043b\u044f \u0441\u043e \u0437\u043d\u0430\u043a\u043e\u043c * \u0434\u043e\u043b\u0436\u043d\u044b \u0431\u044b\u0442\u044c \u0437\u0430\u043f\u043e\u043b\u043d\u0435\u043d\u044b<\/p>\n","protected":false},"author":1,"featured_media":0,"parent":0,"menu_order":0,"comment_status":"closed","ping_status":"closed","template":"","meta":{"footnotes":""},"_links":{"self":[{"href":"https:\/\/fisdanismanlik.com\/ru\/wp-json\/wp\/v2\/pages\/21"}],"collection":[{"href":"https:\/\/fisdanismanlik.com\/ru\/wp-json\/wp\/v2\/pages"}],"about":[{"href":"https:\/\/fisdanismanlik.com\/ru\/wp-json\/wp\/v2\/types\/page"}],"author":[{"embeddable":true,"href":"https:\/\/fisdanismanlik.com\/ru\/wp-json\/wp\/v2\/users\/1"}],"replies":[{"embeddable":true,"href":"https:\/\/fisdanismanlik.com\/ru\/wp-json\/wp\/v2\/comments?post=21"}],"version-history":[{"count":20,"href":"https:\/\/fisdanismanlik.com\/ru\/wp-json\/wp\/v2\/pages\/21\/revisions"}],"predecessor-version":[{"id":3880,"href":"https:\/\/fisdanismanlik.com\/ru\/wp-json\/wp\/v2\/pages\/21\/revisions\/3880"}],"wp:attachment":[{"href":"https:\/\/fisdanismanlik.com\/ru\/wp-json\/wp\/v2\/media?parent=21"}],"curies":[{"name":"wp","href":"https:\/\/api.w.org\/{rel}","templated":true}]}}