{"id":1084,"date":"2020-02-25T13:30:46","date_gmt":"2020-02-25T13:30:46","guid":{"rendered":"http:\/\/zikzag.wgl-demo.net\/?page_id=1084"},"modified":"2020-12-23T18:09:38","modified_gmt":"2020-12-23T18:09:38","slug":"hizmetlerimiz-sayfa","status":"publish","type":"page","link":"https:\/\/fisdanismanlik.com\/ru\/hizmetlerimiz-sayfa\/","title":{"rendered":"\u0421\u0415\u0420\u0412\u0418\u0421\u042b"},"content":{"rendered":"\t\t<div data-elementor-type=\"wp-page\" data-elementor-id=\"1084\" class=\"elementor elementor-1084\" data-elementor-settings=\"[]\">\n\t\t\t\t\t\t<div class=\"elementor-inner\">\n\t\t\t\t\t\t\t<div class=\"elementor-section-wrap\">\n\t\t\t\t\t\t\t<section class=\"elementor-section elementor-top-section elementor-element elementor-element-0c5fb5e elementor-section-boxed elementor-section-height-default elementor-section-height-default\" data-id=\"0c5fb5e\" data-element_type=\"section\">\n\t\t\t\t\t\t<div class=\"elementor-container elementor-column-gap-default\">\n\t\t\t\t\t\t\t<div class=\"elementor-row\">\n\t\t\t\t\t<div class=\"elementor-column elementor-col-100 elementor-top-column elementor-element elementor-element-cb4421b\" data-id=\"cb4421b\" data-element_type=\"column\">\n\t\t\t<div class=\"elementor-column-wrap elementor-element-populated\">\n\t\t\t\t\t\t\t<div class=\"elementor-widget-wrap\">\n\t\t\t\t\t\t<div class=\"elementor-element elementor-element-7b8bc57 elementor-widget elementor-widget-spacer\" data-id=\"7b8bc57\" data-element_type=\"widget\" data-widget_type=\"spacer.default\">\n\t\t\t\t<div class=\"elementor-widget-container\">\n\t\t\t\t\t<div class=\"elementor-spacer\">\n\t\t\t<div class=\"elementor-spacer-inner\"><\/div>\n\t\t<\/div>\n\t\t\t\t<\/div>\n\t\t\t\t<\/div>\n\t\t\t\t<div class=\"elementor-element elementor-element-8fe3c47 elementor-widget elementor-widget-wgl-portfolio\" data-id=\"8fe3c47\" data-element_type=\"widget\" data-widget_type=\"wgl-portfolio.default\">\n\t\t\t\t<div class=\"elementor-widget-container\">\n\t\t\t<section class=\"wgl_cpt_section\"><div class=\"wgl-portfolio\" id=\"portfolio_module_69dcb49ccb07d\"><div class=\"wgl-portfolio_wrapper\"><div class=\"wgl-portfolio_container container-grid row grid portfolio_columns-2 appear-animation anim-slide-bottom\"  style=\"margin-right:-15px; margin-left:-15px; margin-bottom:-30px;\"><article class=\"wgl-portfolio-list_item item wgl_col-6 danismanlik-hizmetlerimiz\"  style=\"padding-right:15px; padding-left:15px; padding-bottom:30px\"><div class=\"wgl-portfolio-item_wrapper under_image h_align_center\"><div class=\"wgl-portfolio-item_image\"><img decoding=\"async\" src=\"https:\/\/fisdanismanlik.com\/ru\/wp-content\/uploads\/2020\/02\/ithalat-1170x1170.jpg\"  alt=\"\" \/><div class=\"overlay\"><\/div><a href='https:\/\/fisdanismanlik.com\/ru\/hizmetlerimiz\/ithalat-danismanligi\/' target=\"_blank\"  class='portfolio_link single_link'><\/a><\/div><div class=\"wgl-portfolio-item_description\"><div class=\"portfolio__description\"><div class=\"portfolio__item-title\"><h4 class=\"title\"><a href=\"https:\/\/fisdanismanlik.com\/ru\/hizmetlerimiz\/ithalat-danismanligi\/\" target=\"_blank\" >\u041a\u041e\u041d\u0421\u0423\u041b\u042c\u0422\u0410\u0426\u0418\u042f \u041f\u041e \u0418\u041c\u041f\u041e\u0420\u0422\u0423<\/a><\/h4><\/div><\/div><\/div><\/div><\/article><article class=\"wgl-portfolio-list_item item wgl_col-6 danismanlik-hizmetlerimiz\"  style=\"padding-right:15px; padding-left:15px; padding-bottom:30px\"><div class=\"wgl-portfolio-item_wrapper under_image h_align_center\"><div class=\"wgl-portfolio-item_image\"><img decoding=\"async\" src=\"https:\/\/fisdanismanlik.com\/ru\/wp-content\/uploads\/2020\/02\/ihracat-1170x1170.jpg\"  alt=\"\" \/><div class=\"overlay\"><\/div><a href='https:\/\/fisdanismanlik.com\/ru\/hizmetlerimiz\/ihracat-danismanligi\/' target=\"_blank\"  class='portfolio_link single_link'><\/a><\/div><div class=\"wgl-portfolio-item_description\"><div class=\"portfolio__description\"><div class=\"portfolio__item-title\"><h4 class=\"title\"><a href=\"https:\/\/fisdanismanlik.com\/ru\/hizmetlerimiz\/ihracat-danismanligi\/\" target=\"_blank\" >\u042d\u041a\u0421\u041f\u041e\u0420\u0422\u041d\u041e\u0415 \u041a\u041e\u041d\u0421\u0423\u041b\u042c\u0422\u0418\u0420\u041e\u0412\u0410\u041d\u0418\u0415<\/a><\/h4><\/div><\/div><\/div><\/div><\/article><article class=\"wgl-portfolio-list_item item wgl_col-6 danismanlik-hizmetlerimiz\"  style=\"padding-right:15px; padding-left:15px; padding-bottom:30px\"><div class=\"wgl-portfolio-item_wrapper under_image h_align_center\"><div class=\"wgl-portfolio-item_image\"><img decoding=\"async\" src=\"https:\/\/fisdanismanlik.com\/ru\/wp-content\/uploads\/2020\/02\/urun-arastirmasi-1170x1170.jpg\"  alt=\"\" \/><div class=\"overlay\"><\/div><a href='https:\/\/fisdanismanlik.com\/ru\/hizmetlerimiz\/urun-arastirmasi-ve-tedarik\/' target=\"_blank\"  class='portfolio_link single_link'><\/a><\/div><div class=\"wgl-portfolio-item_description\"><div class=\"portfolio__description\"><div class=\"portfolio__item-title\"><h4 class=\"title\"><a href=\"https:\/\/fisdanismanlik.com\/ru\/hizmetlerimiz\/urun-arastirmasi-ve-tedarik\/\" target=\"_blank\" >\u0418\u0421\u0421\u041b\u0415\u0414\u041e\u0412\u0410\u041d\u0418\u0415 \u0418 \u041f\u041e\u0421\u0422\u0410\u0412\u041a\u0410 \u041f\u0420\u041e\u0414\u0423\u041a\u0426\u0418\u0418<\/a><\/h4><\/div><\/div><\/div><\/div><\/article><article class=\"wgl-portfolio-list_item item wgl_col-6 danismanlik-hizmetlerimiz\"  style=\"padding-right:15px; padding-left:15px; padding-bottom:30px\"><div class=\"wgl-portfolio-item_wrapper under_image h_align_center\"><div class=\"wgl-portfolio-item_image\"><img decoding=\"async\" src=\"https:\/\/fisdanismanlik.com\/ru\/wp-content\/uploads\/2020\/02\/pazar-arastirmasi-1170x1170.jpg\"  alt=\"\" \/><div class=\"overlay\"><\/div><a href='https:\/\/fisdanismanlik.com\/ru\/hizmetlerimiz\/pazar-arastirmasi\/' target=\"_blank\"  class='portfolio_link single_link'><\/a><\/div><div class=\"wgl-portfolio-item_description\"><div class=\"portfolio__description\"><div class=\"portfolio__item-title\"><h4 class=\"title\"><a href=\"https:\/\/fisdanismanlik.com\/ru\/hizmetlerimiz\/pazar-arastirmasi\/\" target=\"_blank\" >\u0418\u0421\u0421\u041b\u0415\u0414\u041e\u0412\u0410\u041d\u0418\u0415 \u0420\u042b\u041d\u041a\u0410<\/a><\/h4><\/div><\/div><\/div><\/div><\/article><article class=\"wgl-portfolio-list_item item wgl_col-6 danismanlik-hizmetlerimiz\"  style=\"padding-right:15px; padding-left:15px; padding-bottom:30px\"><div class=\"wgl-portfolio-item_wrapper under_image h_align_center\"><div class=\"wgl-portfolio-item_image\"><img decoding=\"async\" src=\"https:\/\/fisdanismanlik.com\/ru\/wp-content\/uploads\/2020\/02\/finansal-arastirma-1170x1170.jpg\"  alt=\"\" \/><div class=\"overlay\"><\/div><a href='https:\/\/fisdanismanlik.com\/ru\/hizmetlerimiz\/finansal-planlama\/' target=\"_blank\"  class='portfolio_link single_link'><\/a><\/div><div class=\"wgl-portfolio-item_description\"><div class=\"portfolio__description\"><div class=\"portfolio__item-title\"><h4 class=\"title\"><a href=\"https:\/\/fisdanismanlik.com\/ru\/hizmetlerimiz\/finansal-planlama\/\" target=\"_blank\" >\u0424\u0418\u041d\u0410\u041d\u0421\u041e\u0412\u041e\u0415 \u041f\u041b\u0410\u041d\u0418\u0420\u041e\u0412\u0410\u041d\u0418\u0415<\/a><\/h4><\/div><\/div><\/div><\/div><\/article><\/div><\/div><\/div><\/section>\t\t<\/div>\n\t\t\t\t<\/div>\n\t\t\t\t\t\t<\/div>\n\t\t\t\t\t<\/div>\n\t\t<\/div>\n\t\t\t\t\t\t\t\t<\/div>\n\t\t\t\t\t<\/div>\n\t\t<\/section>\n\t\t\t\t<section class=\"elementor-section elementor-top-section elementor-element elementor-element-d3efc3e elementor-section-boxed elementor-section-height-default elementor-section-height-default\" data-id=\"d3efc3e\" data-element_type=\"section\">\n\t\t\t\t\t\t<div class=\"elementor-container elementor-column-gap-default\">\n\t\t\t\t\t\t\t<div class=\"elementor-row\">\n\t\t\t\t\t<div class=\"elementor-column elementor-col-100 elementor-top-column elementor-element elementor-element-3c7eda1\" data-id=\"3c7eda1\" data-element_type=\"column\">\n\t\t\t<div class=\"elementor-column-wrap elementor-element-populated\">\n\t\t\t\t\t\t\t<div class=\"elementor-widget-wrap\">\n\t\t\t\t\t\t<div class=\"elementor-element elementor-element-0f6335c elementor-widget elementor-widget-spacer\" data-id=\"0f6335c\" data-element_type=\"widget\" data-widget_type=\"spacer.default\">\n\t\t\t\t<div class=\"elementor-widget-container\">\n\t\t\t\t\t<div class=\"elementor-spacer\">\n\t\t\t<div class=\"elementor-spacer-inner\"><\/div>\n\t\t<\/div>\n\t\t\t\t<\/div>\n\t\t\t\t<\/div>\n\t\t\t\t\t\t<\/div>\n\t\t\t\t\t<\/div>\n\t\t<\/div>\n\t\t\t\t\t\t\t\t<\/div>\n\t\t\t\t\t<\/div>\n\t\t<\/section>\n\t\t\t\t\t\t<\/div>\n\t\t\t\t\t\t<\/div>\n\t\t\t\t\t<\/div>\n\t\t","protected":false},"excerpt":{"rendered":"<p>\u0130thalat Dan\u0131\u015fmanl\u0131\u011f\u0131 \u0130hracat Dan\u0131\u015fmanl\u0131\u011f\u0131 \u00dcr\u00fcn Ara\u015ft\u0131rmas\u0131 &amp; Tedarik Pazar Ara\u015ft\u0131rmas\u0131 Finansal Planlama<\/p>\n","protected":false},"author":1,"featured_media":0,"parent":0,"menu_order":0,"comment_status":"closed","ping_status":"closed","template":"","meta":{"footnotes":""},"_links":{"self":[{"href":"https:\/\/fisdanismanlik.com\/ru\/wp-json\/wp\/v2\/pages\/1084"}],"collection":[{"href":"https:\/\/fisdanismanlik.com\/ru\/wp-json\/wp\/v2\/pages"}],"about":[{"href":"https:\/\/fisdanismanlik.com\/ru\/wp-json\/wp\/v2\/types\/page"}],"author":[{"embeddable":true,"href":"https:\/\/fisdanismanlik.com\/ru\/wp-json\/wp\/v2\/users\/1"}],"replies":[{"embeddable":true,"href":"https:\/\/fisdanismanlik.com\/ru\/wp-json\/wp\/v2\/comments?post=1084"}],"version-history":[{"count":9,"href":"https:\/\/fisdanismanlik.com\/ru\/wp-json\/wp\/v2\/pages\/1084\/revisions"}],"predecessor-version":[{"id":3846,"href":"https:\/\/fisdanismanlik.com\/ru\/wp-json\/wp\/v2\/pages\/1084\/revisions\/3846"}],"wp:attachment":[{"href":"https:\/\/fisdanismanlik.com\/ru\/wp-json\/wp\/v2\/media?parent=1084"}],"curies":[{"name":"wp","href":"https:\/\/api.w.org\/{rel}","templated":true}]}}