{"id":31,"date":"2020-02-10T22:26:44","date_gmt":"2020-02-10T22:26:44","guid":{"rendered":"http:\/\/zikzag.wgl-demo.net\/?page_id=31"},"modified":"2020-12-31T08:53:29","modified_gmt":"2020-12-31T08:53:29","slug":"uber-uns","status":"publish","type":"page","link":"https:\/\/fisdanismanlik.com\/de\/uber-uns\/","title":{"rendered":"\u00dcBER UNS"},"content":{"rendered":"\t\t<div data-elementor-type=\"wp-page\" data-elementor-id=\"31\" class=\"elementor elementor-31\" data-elementor-settings=\"[]\">\n\t\t\t\t\t\t<div class=\"elementor-inner\">\n\t\t\t\t\t\t\t<div class=\"elementor-section-wrap\">\n\t\t\t\t\t\t\t<section class=\"elementor-section elementor-top-section elementor-element elementor-element-cc275ff elementor-section-boxed elementor-section-height-default elementor-section-height-default\" data-id=\"cc275ff\" data-element_type=\"section\">\n\t\t\t\t\t\t<div class=\"elementor-container elementor-column-gap-default\">\n\t\t\t\t\t\t\t<div class=\"elementor-row\">\n\t\t\t\t\t<div class=\"elementor-column elementor-col-100 elementor-top-column elementor-element elementor-element-48522c0\" data-id=\"48522c0\" data-element_type=\"column\">\n\t\t\t<div class=\"elementor-column-wrap elementor-element-populated\">\n\t\t\t\t\t\t\t<div class=\"elementor-widget-wrap\">\n\t\t\t\t\t\t<div class=\"elementor-element elementor-element-a7ead84 elementor-widget elementor-widget-spacer\" data-id=\"a7ead84\" data-element_type=\"widget\" data-widget_type=\"spacer.default\">\n\t\t\t\t<div class=\"elementor-widget-container\">\n\t\t\t\t\t<div class=\"elementor-spacer\">\n\t\t\t<div class=\"elementor-spacer-inner\"><\/div>\n\t\t<\/div>\n\t\t\t\t<\/div>\n\t\t\t\t<\/div>\n\t\t\t\t\t\t<\/div>\n\t\t\t\t\t<\/div>\n\t\t<\/div>\n\t\t\t\t\t\t\t\t<\/div>\n\t\t\t\t\t<\/div>\n\t\t<\/section>\n\t\t\t\t<section class=\"elementor-section elementor-top-section elementor-element elementor-element-5c341a5 elementor-section-content-top elementor-section-boxed elementor-section-height-default elementor-section-height-default\" data-id=\"5c341a5\" data-element_type=\"section\">\n\t\t\t\t\t\t<div class=\"elementor-container elementor-column-gap-default\">\n\t\t\t\t\t\t\t<div class=\"elementor-row\">\n\t\t\t\t\t<div class=\"elementor-column elementor-col-50 elementor-top-column elementor-element elementor-element-55d967e\" data-id=\"55d967e\" data-element_type=\"column\">\n\t\t\t<div class=\"elementor-column-wrap elementor-element-populated\">\n\t\t\t\t\t\t\t<div class=\"elementor-widget-wrap\">\n\t\t\t\t\t\t<div class=\"elementor-element elementor-element-d028159 elementor-widget elementor-widget-wgl-image-layers\" data-id=\"d028159\" data-element_type=\"widget\" data-widget_type=\"wgl-image-layers.default\">\n\t\t\t\t<div class=\"elementor-widget-container\">\n\t\t\t<div class=\"wgl-image-layers\"><div class=\"img-layer_image-wrapper fade_in\" style=\"z-index: 1\">\n                <div class=\"img-layer_item\" style=\"transform: translate(10%, 70%);\">\n                    <div class=\"img-layer_image\" style=\"transition: all 800ms; transition-delay: 600ms;\">\n                        <img decoding=\"async\" src=\"https:\/\/fisdanismanlik.com\/de\/wp-content\/uploads\/2020\/11\/logo-2.png\" alt=\"logo\" \/>\n                    <\/div>\n                <\/div>\n            <\/div> <div class=\"img-layer_image-wrapper slide_right\" style=\"z-index: 1\">\n                <div class=\"img-layer_item\" style=\"transform: translate(0%, 0%);\">\n                    <div class=\"img-layer_image\" style=\"transition: all 800ms; transition-delay: 1200ms;\">\n                        <img decoding=\"async\" src=\"https:\/\/fisdanismanlik.com\/de\/wp-content\/uploads\/2020\/02\/about_01-2.png\" alt=\"about_01-2\" \/>\n                    <\/div>\n                <\/div>\n            <\/div> <div class=\"img-layer_image-wrapper slide_left\" style=\"z-index: 1\">\n                <div class=\"img-layer_item\" style=\"transform: translate(0%, 0%);\">\n                    <div class=\"img-layer_image\" style=\"transition: all 800ms; transition-delay: 1800ms;\">\n                        <img decoding=\"async\" src=\"https:\/\/fisdanismanlik.com\/de\/wp-content\/uploads\/2020\/02\/about_01-3.png\" alt=\"about_01-3\" \/>\n                    <\/div>\n                <\/div>\n            <\/div> <div class=\"img-layer_image-wrapper slide_right\" style=\"z-index: 1\">\n                <div class=\"img-layer_item\" style=\"transform: translate(0%, 0%);\">\n                    <div class=\"img-layer_image\" style=\"transition: all 800ms; transition-delay: 2400ms;\">\n                        <img decoding=\"async\" src=\"https:\/\/fisdanismanlik.com\/de\/wp-content\/uploads\/2020\/02\/about_01-4.png\" alt=\"about_01-4\" \/>\n                    <\/div>\n                <\/div>\n            <\/div> <div class=\"img-layer_image-wrapper slide_left\" style=\"z-index: 1\">\n                <div class=\"img-layer_item\" style=\"transform: translate(0%, 0%);\">\n                    <div class=\"img-layer_image\" style=\"transition: all 800ms; transition-delay: 3000ms;\">\n                        <img decoding=\"async\" src=\"https:\/\/fisdanismanlik.com\/de\/wp-content\/uploads\/2020\/02\/about_01-5.png\" alt=\"about_01-5\" \/>\n                    <\/div>\n                <\/div>\n            <\/div> <\/div>\t\t<\/div>\n\t\t\t\t<\/div>\n\t\t\t\t\t\t<\/div>\n\t\t\t\t\t<\/div>\n\t\t<\/div>\n\t\t\t\t<div class=\"elementor-column elementor-col-50 elementor-top-column elementor-element elementor-element-faeca50\" data-id=\"faeca50\" data-element_type=\"column\">\n\t\t\t<div class=\"elementor-column-wrap elementor-element-populated\">\n\t\t\t\t\t\t\t<div class=\"elementor-widget-wrap\">\n\t\t\t\t\t\t<div class=\"elementor-element elementor-element-b3dcbad elementor-widget elementor-widget-spacer\" data-id=\"b3dcbad\" data-element_type=\"widget\" data-widget_type=\"spacer.default\">\n\t\t\t\t<div class=\"elementor-widget-container\">\n\t\t\t\t\t<div class=\"elementor-spacer\">\n\t\t\t<div class=\"elementor-spacer-inner\"><\/div>\n\t\t<\/div>\n\t\t\t\t<\/div>\n\t\t\t\t<\/div>\n\t\t\t\t<div class=\"elementor-element elementor-element-89a007d elementor-widget elementor-widget-text-editor\" data-id=\"89a007d\" data-element_type=\"widget\" data-widget_type=\"text-editor.default\">\n\t\t\t\t<div class=\"elementor-widget-container\">\n\t\t\t\t\t\t\t\t<div class=\"elementor-text-editor elementor-clearfix\">\n\t\t\t\tDank der Erfahrung im Land und Ausland, die unsere Firmengr\u00fcnder seit 2000 erhalten haben, leisten wir seit 2018 professioneles Service. \n\nAls Fi\u015f Tekstil bieten wir professionelle Beratungsdienste f\u00fcr Unternehmen an, die den Aussenhandel beginnen, unter den heutigen Bedingungen wettbewerbsfaehig sein m\u00f6chten, indem sie sich f\u00fcr globale Maerkte \u00f6ffnen, und den Verbrauchern in unserem Land ein Produkt anbieten, das sie im Ausland zu erschwinglichen Preisen sehen.\t\t\t\t\t<\/div>\n\t\t\t\t\t\t<\/div>\n\t\t\t\t<\/div>\n\t\t\t\t<div class=\"elementor-element elementor-element-7cb2f7c elementor-widget elementor-widget-text-editor\" data-id=\"7cb2f7c\" data-element_type=\"widget\" data-widget_type=\"text-editor.default\">\n\t\t\t\t<div class=\"elementor-widget-container\">\n\t\t\t\t\t\t\t\t<div class=\"elementor-text-editor elementor-clearfix\">\n\t\t\t\t<blockquote style=\"font-size: 30px; line-height: 40px; padding: 31px 43px 29px 43px;\">Zuverlaessige und analytische L\u00f6sungen<\/blockquote>\t\t\t\t\t<\/div>\n\t\t\t\t\t\t<\/div>\n\t\t\t\t<\/div>\n\t\t\t\t<div class=\"elementor-element elementor-element-c4d8da2 elementor-widget elementor-widget-spacer\" data-id=\"c4d8da2\" data-element_type=\"widget\" data-widget_type=\"spacer.default\">\n\t\t\t\t<div class=\"elementor-widget-container\">\n\t\t\t\t\t<div class=\"elementor-spacer\">\n\t\t\t<div class=\"elementor-spacer-inner\"><\/div>\n\t\t<\/div>\n\t\t\t\t<\/div>\n\t\t\t\t<\/div>\n\t\t\t\t\t\t<\/div>\n\t\t\t\t\t<\/div>\n\t\t<\/div>\n\t\t\t\t\t\t\t\t<\/div>\n\t\t\t\t\t<\/div>\n\t\t<\/section>\n\t\t\t\t<section class=\"elementor-section elementor-top-section elementor-element elementor-element-e713ca2 elementor-section-boxed elementor-section-height-default elementor-section-height-default\" data-id=\"e713ca2\" data-element_type=\"section\">\n\t\t\t\t\t\t<div class=\"elementor-container elementor-column-gap-default\">\n\t\t\t\t\t\t\t<div class=\"elementor-row\">\n\t\t\t\t\t<div class=\"elementor-column elementor-col-100 elementor-top-column elementor-element elementor-element-e76742f\" data-id=\"e76742f\" data-element_type=\"column\">\n\t\t\t<div class=\"elementor-column-wrap elementor-element-populated\">\n\t\t\t\t\t\t\t<div class=\"elementor-widget-wrap\">\n\t\t\t\t\t\t<div class=\"elementor-element elementor-element-8124910 elementor-widget elementor-widget-spacer\" data-id=\"8124910\" data-element_type=\"widget\" data-widget_type=\"spacer.default\">\n\t\t\t\t<div class=\"elementor-widget-container\">\n\t\t\t\t\t<div class=\"elementor-spacer\">\n\t\t\t<div class=\"elementor-spacer-inner\"><\/div>\n\t\t<\/div>\n\t\t\t\t<\/div>\n\t\t\t\t<\/div>\n\t\t\t\t\t\t<\/div>\n\t\t\t\t\t<\/div>\n\t\t<\/div>\n\t\t\t\t\t\t\t\t<\/div>\n\t\t\t\t\t<\/div>\n\t\t<\/section>\n\t\t\t\t<section class=\"elementor-section elementor-top-section elementor-element elementor-element-c236219 elementor-section-boxed elementor-section-height-default elementor-section-height-default\" data-id=\"c236219\" data-element_type=\"section\">\n\t\t\t\t\t\t<div class=\"elementor-container elementor-column-gap-extended\">\n\t\t\t\t\t\t\t<div class=\"elementor-row\">\n\t\t\t\t\t<div class=\"elementor-column elementor-col-33 elementor-top-column elementor-element elementor-element-db15e00\" data-id=\"db15e00\" data-element_type=\"column\">\n\t\t\t<div class=\"elementor-column-wrap elementor-element-populated\">\n\t\t\t\t\t\t\t<div class=\"elementor-widget-wrap\">\n\t\t\t\t\t\t<div class=\"elementor-element elementor-element-d3cd3f9 has-font elementor-widget-icon-box wgl-icon-box elementor-widget elementor-widget-wgl-flipbox\" data-id=\"d3cd3f9\" data-element_type=\"widget\" data-widget_type=\"wgl-flipbox.default\">\n\t\t\t\t<div class=\"elementor-widget-container\">\n\t\t\t        <div class=\"wgl-flipbox type_flip_right\">\n            <a href=\"https:\/\/fisdanismanlik.com\/de\/unsere-mission\"  class=\"wgl-flipbox_wrap\">\n                <div class=\"wgl-flipbox_front\">                    <div class=\"wgl-flipbox_media-wrap\"><div class=\"media-wrapper icon-wrapper\"><span class=\"wgl-icon\" ><i class=\"icon elementor-icon flaticon flaticon-dashboard\" aria-hidden=\"true\"><\/i><\/span><\/div>                    <\/div>                        <h3 class=\"wgl-flipbox_title\">Unsere Mission<\/h3><div class=\"wgl-flipbox_button-wrap\"><div class=\"wgl-flipbox_item-link button-read-more icon-position-left\"><i aria-hidden=\"true\" class=\"flaticon-long-next\"><\/i><span><\/span><\/div><\/div>                <\/div>\n                <div class=\"wgl-flipbox_back\">                        <div class=\"wgl-flipbox_content\"><span style=\"color: #ffffff\">Unsere Mission<\/span><\/div>                <\/div>\n            <\/a>\n        <\/div>\n\n        \t\t<\/div>\n\t\t\t\t<\/div>\n\t\t\t\t\t\t<\/div>\n\t\t\t\t\t<\/div>\n\t\t<\/div>\n\t\t\t\t<div class=\"elementor-column elementor-col-33 elementor-top-column elementor-element elementor-element-876b531\" data-id=\"876b531\" data-element_type=\"column\">\n\t\t\t<div class=\"elementor-column-wrap elementor-element-populated\">\n\t\t\t\t\t\t\t<div class=\"elementor-widget-wrap\">\n\t\t\t\t\t\t<div class=\"elementor-element elementor-element-2d5f68f has-font elementor-widget-icon-box wgl-icon-box elementor-widget elementor-widget-wgl-flipbox\" data-id=\"2d5f68f\" data-element_type=\"widget\" data-widget_type=\"wgl-flipbox.default\">\n\t\t\t\t<div class=\"elementor-widget-container\">\n\t\t\t        <div class=\"wgl-flipbox type_flip_right\">\n            <a href=\"https:\/\/fisdanismanlik.com\/de\/unsere-vision\"  class=\"wgl-flipbox_wrap\">\n                <div class=\"wgl-flipbox_front\">                    <div class=\"wgl-flipbox_media-wrap\"><div class=\"media-wrapper icon-wrapper\"><span class=\"wgl-icon\" ><i class=\"icon elementor-icon flaticon flaticon-jigsaw\" aria-hidden=\"true\"><\/i><\/span><\/div>                    <\/div>                        <h3 class=\"wgl-flipbox_title\">Unsere Vision<\/h3><div class=\"wgl-flipbox_button-wrap\"><div class=\"wgl-flipbox_item-link button-read-more icon-position-left\"><i aria-hidden=\"true\" class=\"flaticon-long-next\"><\/i><span><\/span><\/div><\/div>                <\/div>\n                <div class=\"wgl-flipbox_back\">                        <div class=\"wgl-flipbox_content\"><span style=\"color: #ffffff\">Unsere Vision<\/span><\/div>                <\/div>\n            <\/a>\n        <\/div>\n\n        \t\t<\/div>\n\t\t\t\t<\/div>\n\t\t\t\t\t\t<\/div>\n\t\t\t\t\t<\/div>\n\t\t<\/div>\n\t\t\t\t<div class=\"elementor-column elementor-col-33 elementor-top-column elementor-element elementor-element-8cff9a4\" data-id=\"8cff9a4\" data-element_type=\"column\">\n\t\t\t<div class=\"elementor-column-wrap elementor-element-populated\">\n\t\t\t\t\t\t\t<div class=\"elementor-widget-wrap\">\n\t\t\t\t\t\t<div class=\"elementor-element elementor-element-df7b58f has-font elementor-widget-icon-box wgl-icon-box elementor-widget elementor-widget-wgl-flipbox\" data-id=\"df7b58f\" data-element_type=\"widget\" data-widget_type=\"wgl-flipbox.default\">\n\t\t\t\t<div class=\"elementor-widget-container\">\n\t\t\t        <div class=\"wgl-flipbox type_flip_right\">\n            <a href=\"https:\/\/fisdanismanlik.com\/de\/unsere-werte\"  class=\"wgl-flipbox_wrap\">\n                <div class=\"wgl-flipbox_front\">                    <div class=\"wgl-flipbox_media-wrap\"><div class=\"media-wrapper icon-wrapper\"><span class=\"wgl-icon\" ><i class=\"icon elementor-icon flaticon flaticon-first\" aria-hidden=\"true\"><\/i><\/span><\/div>                    <\/div>                        <h3 class=\"wgl-flipbox_title\">Unsere Werte<\/h3><div class=\"wgl-flipbox_button-wrap\"><div class=\"wgl-flipbox_item-link button-read-more icon-position-left\"><i aria-hidden=\"true\" class=\"flaticon-long-next\"><\/i><span><\/span><\/div><\/div>                <\/div>\n                <div class=\"wgl-flipbox_back\">                        <div class=\"wgl-flipbox_content\"><span style=\"color: #ffffff\">Unsere Werte<\/span><\/div>                <\/div>\n            <\/a>\n        <\/div>\n\n        \t\t<\/div>\n\t\t\t\t<\/div>\n\t\t\t\t\t\t<\/div>\n\t\t\t\t\t<\/div>\n\t\t<\/div>\n\t\t\t\t\t\t\t\t<\/div>\n\t\t\t\t\t<\/div>\n\t\t<\/section>\n\t\t\t\t<section class=\"elementor-section elementor-top-section elementor-element elementor-element-6b5e5a6 elementor-section-boxed elementor-section-height-default elementor-section-height-default\" data-id=\"6b5e5a6\" data-element_type=\"section\" data-settings=\"{&quot;background_background&quot;:&quot;classic&quot;}\">\n\t\t\t\t\t\t<div class=\"elementor-container elementor-column-gap-default\">\n\t\t\t\t\t\t\t<div class=\"elementor-row\">\n\t\t\t\t\t<div class=\"elementor-column elementor-col-100 elementor-top-column elementor-element elementor-element-8897fa2\" data-id=\"8897fa2\" data-element_type=\"column\">\n\t\t\t<div class=\"elementor-column-wrap elementor-element-populated\">\n\t\t\t\t\t\t\t<div class=\"elementor-widget-wrap\">\n\t\t\t\t\t\t<div class=\"elementor-element elementor-element-1d08a2c elementor-widget elementor-widget-spacer\" data-id=\"1d08a2c\" data-element_type=\"widget\" data-widget_type=\"spacer.default\">\n\t\t\t\t<div class=\"elementor-widget-container\">\n\t\t\t\t\t<div class=\"elementor-spacer\">\n\t\t\t<div class=\"elementor-spacer-inner\"><\/div>\n\t\t<\/div>\n\t\t\t\t<\/div>\n\t\t\t\t<\/div>\n\t\t\t\t<div class=\"elementor-element elementor-element-23aae78 elementor-widget elementor-widget-spacer\" data-id=\"23aae78\" data-element_type=\"widget\" data-widget_type=\"spacer.default\">\n\t\t\t\t<div class=\"elementor-widget-container\">\n\t\t\t\t\t<div class=\"elementor-spacer\">\n\t\t\t<div class=\"elementor-spacer-inner\"><\/div>\n\t\t<\/div>\n\t\t\t\t<\/div>\n\t\t\t\t<\/div>\n\t\t\t\t\t\t<\/div>\n\t\t\t\t\t<\/div>\n\t\t<\/div>\n\t\t\t\t\t\t\t\t<\/div>\n\t\t\t\t\t<\/div>\n\t\t<\/section>\n\t\t\t\t<section class=\"elementor-section elementor-top-section elementor-element elementor-element-630f6b2 elementor-hidden-desktop elementor-hidden-tablet elementor-hidden-phone elementor-section-boxed elementor-section-height-default elementor-section-height-default\" data-id=\"630f6b2\" data-element_type=\"section\" data-settings=\"{&quot;background_background&quot;:&quot;classic&quot;}\">\n\t\t\t\t\t\t<div class=\"elementor-container elementor-column-gap-default\">\n\t\t\t\t\t\t\t<div class=\"elementor-row\">\n\t\t\t\t\t<div class=\"elementor-column elementor-col-100 elementor-top-column elementor-element elementor-element-831adb7\" data-id=\"831adb7\" data-element_type=\"column\">\n\t\t\t<div class=\"elementor-column-wrap elementor-element-populated\">\n\t\t\t\t\t\t\t<div class=\"elementor-widget-wrap\">\n\t\t\t\t\t\t<div class=\"elementor-element elementor-element-d1ccf77 elementor-widget elementor-widget-spacer\" data-id=\"d1ccf77\" data-element_type=\"widget\" data-widget_type=\"spacer.default\">\n\t\t\t\t<div class=\"elementor-widget-container\">\n\t\t\t\t\t<div class=\"elementor-spacer\">\n\t\t\t<div class=\"elementor-spacer-inner\"><\/div>\n\t\t<\/div>\n\t\t\t\t<\/div>\n\t\t\t\t<\/div>\n\t\t\t\t<div class=\"elementor-element elementor-element-30a4c2b acenter elementor-widget elementor-widget-wgl-double-headings\" data-id=\"30a4c2b\" data-element_type=\"widget\" data-widget_type=\"wgl-double-headings.default\">\n\t\t\t\t<div class=\"elementor-widget-container\">\n\t\t\t<div class=\"wgl-double_heading\"><div class=\"dbl__subtitle\"><span> <\/span><\/div><h3 class=\"dbl__title-wrapper\"><span class=\"dbl__title\">Was haben sie \u00fcber uns gesagt?<\/span><\/h3><\/div>\t\t<\/div>\n\t\t\t\t<\/div>\n\t\t\t\t<div class=\"elementor-element elementor-element-fde4642 elementor-widget elementor-widget-wgl-testimonials\" data-id=\"fde4642\" data-element_type=\"widget\" data-widget_type=\"wgl-testimonials.default\">\n\t\t\t\t<div class=\"elementor-widget-container\">\n\t\t\t<div  class=\"wgl-testimonials type-author_top acenter\"><div class=\"wgl-carousel_wrapper\"><div id=zikzag_carousel_69e5730320018 class=\"wgl-carousel\"><div class=\"wgl-carousel_slick\" data-slick='{\"slidesToShow\":1,\"slidesToScroll\":1,\"infinite\":true,\"variableWidth\":false,\"autoplay\":false,\"autoplaySpeed\":\"\",\"speed\":300,\"arrows\":true,\"dots\":false,\"adaptiveHeight\":false,\"responsive\":[{\"breakpoint\":0,\"settings\":{\"slidesToShow\":1,\"slidesToScroll\":1}},{\"breakpoint\":0,\"settings\":{\"slidesToShow\":1,\"slidesToScroll\":1}},{\"breakpoint\":0,\"settings\":{\"slidesToShow\":1,\"slidesToScroll\":1}}]}'><div class=\"wgl-testimonials-item_wrap\"><div class=\"wgl-testimonials_item\"><div class=\"content_wrap\"><span class=\"quote_icon_svg\"><svg viewBox=\"0 0 62.4 44.8\">\n\t\t\t<path class=\"st0\" d=\"M40.8,30.6c-0.9,2.3-1.7,3.9-0.9,6.5c0.7,2.3,2.5,3.9,4.5,5.2c3.7,2.4,8.7,3.6,12.6,0.9\n\t\t\t\tc3.8-2.5,5.8-7.3,4.4-11.7c-0.4-1.3-1.2-2.4-2.2-3.2c-2.1-3.2-6.1-4.5-9.9-4.3c-2.2,0.1-4.5,0.8-6.2,2.4c-0.6,0.6-1.1,1.2-1.6,2\n\t\t\t\tc-0.2,0.4-0.6,1.4-0.8,2C40.7,30.7,40.6,31.3,40.8,30.6z\"\/>\n\t\t\t<path class=\"st0\" d=\"M10,41.2c4.6,3.3,12.4,4.1,15.9-1.2c1-1.5,1.5-3.1,1.6-4.6c0.6-3-0.5-6-2.8-8c-0.5-0.7-1.1-1.3-1.6-2\n\t\t\t\tc-1.8-2-4.9-2.2-7.2-1c-2.6,0-5.2,0.7-7.3,2.7C4.1,31.2,5.5,37.9,10,41.2z\"\/>\n\t\t\t<path class=\"st1\" d=\"M42,36.2c-7.2-11.4,14.9-17.4,18.7-4.6c1.7,5.8-2.8,11.2-8.6,11.6c-3.9,0.2-7.6-1.4-10.5-4.1\n\t\t\t\tC29,27.4,38.5,10.5,48.7,1.3c0.7-0.7-0.3-1.7-1.1-1.1C39.2,7.9,31.1,19.6,35,31.5c2.8,8.4,12.2,16.1,21.3,12\n\t\t\t\tc9.3-4.1,7.1-16.5-1.4-20.1c-8.5-3.5-20.1,4-14.3,13.4C41.2,37.8,42.5,37,42,36.2L42,36.2z\"\/>\n\t\t\t<path class=\"st1\" d=\"M8,36.2c-7.2-11.4,14.9-17.4,18.7-4.6c1.7,5.8-2.8,11.2-8.6,11.6c-3.9,0.2-7.6-1.4-10.5-4.1\n\t\t\t\tC-5,27.4,4.5,10.5,14.7,1.3c0.7-0.7-0.3-1.7-1.1-1.1C5.2,7.9-2.9,19.6,1,31.5c2.8,8.4,12.2,16.1,21.3,12\n\t\t\t\tc9.3-4.1,7.1-16.5-1.4-20.1c-8.5-3.5-20.1,4-14.3,13.4C7.2,37.8,8.5,37,8,36.2L8,36.2z\"\/>\n\t\t\t<\/svg><\/span><div class=\"wgl-testimonials_quote\">Lorem Ipsum, dizgi ve bask\u0131 end\u00fcstrisinde kullan\u0131lan m\u0131g\u0131r metinlerdir. Lorem Ipsum, ad\u0131 bilinmeyen bir matbaac\u0131n\u0131n bir hurufat numune kitab\u0131 olu\u015fturmak \u00fczere bir yaz\u0131 galerisini alarak kar\u0131\u015ft\u0131rd\u0131\u011f\u0131 1500'lerden beri end\u00fcstri standard\u0131 sahte metinler olarak kullan\u0131lm\u0131\u015ft\u0131r. Be\u015fy\u00fcz y\u0131l boyunca varl\u0131\u011f\u0131n\u0131 s\u00fcrd\u00fcrmekle kalmam\u0131\u015f, ayn\u0131 zamanda pek de\u011fi\u015fmeden elektronik dizgiye de s\u0131\u00e7ram\u0131\u015ft\u0131r. 1960'larda Lorem Ipsum pasajlar\u0131 da i\u00e7eren Letraset yapraklar\u0131n\u0131n yay\u0131nlanmas\u0131 ile ve yak\u0131n zamanda Aldus PageMaker gibi Lorem Ipsum s\u00fcr\u00fcmleri i\u00e7eren masa\u00fcst\u00fc yay\u0131nc\u0131l\u0131k yaz\u0131l\u0131mlar\u0131 ile pop\u00fcler olmu\u015ftur.<\/div><\/div><div class=\"meta_wrap\"><div class=\"name_wrap\"><h3 class=\"wgl-testimonials_name\">Test Deneme<\/h3><span class=\"wgl-testimonials_position\">Firma \u0130smi<\/span><\/div><\/div><\/div><\/div><div class=\"wgl-testimonials-item_wrap\"><div class=\"wgl-testimonials_item\"><div class=\"content_wrap\"><span class=\"quote_icon_svg\"><svg viewBox=\"0 0 62.4 44.8\">\n\t\t\t<path class=\"st0\" d=\"M40.8,30.6c-0.9,2.3-1.7,3.9-0.9,6.5c0.7,2.3,2.5,3.9,4.5,5.2c3.7,2.4,8.7,3.6,12.6,0.9\n\t\t\t\tc3.8-2.5,5.8-7.3,4.4-11.7c-0.4-1.3-1.2-2.4-2.2-3.2c-2.1-3.2-6.1-4.5-9.9-4.3c-2.2,0.1-4.5,0.8-6.2,2.4c-0.6,0.6-1.1,1.2-1.6,2\n\t\t\t\tc-0.2,0.4-0.6,1.4-0.8,2C40.7,30.7,40.6,31.3,40.8,30.6z\"\/>\n\t\t\t<path class=\"st0\" d=\"M10,41.2c4.6,3.3,12.4,4.1,15.9-1.2c1-1.5,1.5-3.1,1.6-4.6c0.6-3-0.5-6-2.8-8c-0.5-0.7-1.1-1.3-1.6-2\n\t\t\t\tc-1.8-2-4.9-2.2-7.2-1c-2.6,0-5.2,0.7-7.3,2.7C4.1,31.2,5.5,37.9,10,41.2z\"\/>\n\t\t\t<path class=\"st1\" d=\"M42,36.2c-7.2-11.4,14.9-17.4,18.7-4.6c1.7,5.8-2.8,11.2-8.6,11.6c-3.9,0.2-7.6-1.4-10.5-4.1\n\t\t\t\tC29,27.4,38.5,10.5,48.7,1.3c0.7-0.7-0.3-1.7-1.1-1.1C39.2,7.9,31.1,19.6,35,31.5c2.8,8.4,12.2,16.1,21.3,12\n\t\t\t\tc9.3-4.1,7.1-16.5-1.4-20.1c-8.5-3.5-20.1,4-14.3,13.4C41.2,37.8,42.5,37,42,36.2L42,36.2z\"\/>\n\t\t\t<path class=\"st1\" d=\"M8,36.2c-7.2-11.4,14.9-17.4,18.7-4.6c1.7,5.8-2.8,11.2-8.6,11.6c-3.9,0.2-7.6-1.4-10.5-4.1\n\t\t\t\tC-5,27.4,4.5,10.5,14.7,1.3c0.7-0.7-0.3-1.7-1.1-1.1C5.2,7.9-2.9,19.6,1,31.5c2.8,8.4,12.2,16.1,21.3,12\n\t\t\t\tc9.3-4.1,7.1-16.5-1.4-20.1c-8.5-3.5-20.1,4-14.3,13.4C7.2,37.8,8.5,37,8,36.2L8,36.2z\"\/>\n\t\t\t<\/svg><\/span><div class=\"wgl-testimonials_quote\">Lorem Ipsum, dizgi ve bask\u0131 end\u00fcstrisinde kullan\u0131lan m\u0131g\u0131r metinlerdir. Lorem Ipsum, ad\u0131 bilinmeyen bir matbaac\u0131n\u0131n bir hurufat numune kitab\u0131 olu\u015fturmak \u00fczere bir yaz\u0131 galerisini alarak kar\u0131\u015ft\u0131rd\u0131\u011f\u0131 1500'lerden beri end\u00fcstri standard\u0131 sahte metinler olarak kullan\u0131lm\u0131\u015ft\u0131r. Be\u015fy\u00fcz y\u0131l boyunca varl\u0131\u011f\u0131n\u0131 s\u00fcrd\u00fcrmekle kalmam\u0131\u015f, ayn\u0131 zamanda pek de\u011fi\u015fmeden elektronik dizgiye de s\u0131\u00e7ram\u0131\u015ft\u0131r. 1960'larda Lorem Ipsum pasajlar\u0131 da i\u00e7eren Letraset yapraklar\u0131n\u0131n yay\u0131nlanmas\u0131 ile ve yak\u0131n zamanda Aldus PageMaker gibi Lorem Ipsum s\u00fcr\u00fcmleri i\u00e7eren masa\u00fcst\u00fc yay\u0131nc\u0131l\u0131k yaz\u0131l\u0131mlar\u0131 ile pop\u00fcler olmu\u015ftur.<\/div><\/div><div class=\"meta_wrap\"><div class=\"name_wrap\"><h3 class=\"wgl-testimonials_name\">Test Deneme<\/h3><span class=\"wgl-testimonials_position\">Firma \u0130smi<\/span><\/div><\/div><\/div><\/div><\/div><\/div><\/div><\/div>\t\t<\/div>\n\t\t\t\t<\/div>\n\t\t\t\t<div class=\"elementor-element elementor-element-26698df elementor-widget elementor-widget-spacer\" data-id=\"26698df\" data-element_type=\"widget\" data-widget_type=\"spacer.default\">\n\t\t\t\t<div class=\"elementor-widget-container\">\n\t\t\t\t\t<div class=\"elementor-spacer\">\n\t\t\t<div class=\"elementor-spacer-inner\"><\/div>\n\t\t<\/div>\n\t\t\t\t<\/div>\n\t\t\t\t<\/div>\n\t\t\t\t\t\t<\/div>\n\t\t\t\t\t<\/div>\n\t\t<\/div>\n\t\t\t\t\t\t\t\t<\/div>\n\t\t\t\t\t<\/div>\n\t\t<\/section>\n\t\t\t\t\t\t<\/div>\n\t\t\t\t\t\t<\/div>\n\t\t\t\t\t<\/div>\n\t\t","protected":false},"excerpt":{"rendered":"<p>Dank der Erfahrung im Land und Ausland, die unsere Firmengr\u00fcnder seit 2000 erhalten haben, leisten wir seit 2018 professioneles Service. Als Fi\u015f Tekstil bieten wir professionelle Beratungsdienste f\u00fcr Unternehmen an, die den Aussenhandel beginnen, unter den heutigen Bedingungen wettbewerbsfaehig sein m\u00f6chten, indem sie sich f\u00fcr globale Maerkte \u00f6ffnen, und den Verbrauchern in unserem Land ein [&hellip;]<\/p>\n","protected":false},"author":1,"featured_media":0,"parent":0,"menu_order":0,"comment_status":"closed","ping_status":"closed","template":"","meta":{"footnotes":""},"_links":{"self":[{"href":"https:\/\/fisdanismanlik.com\/de\/wp-json\/wp\/v2\/pages\/31"}],"collection":[{"href":"https:\/\/fisdanismanlik.com\/de\/wp-json\/wp\/v2\/pages"}],"about":[{"href":"https:\/\/fisdanismanlik.com\/de\/wp-json\/wp\/v2\/types\/page"}],"author":[{"embeddable":true,"href":"https:\/\/fisdanismanlik.com\/de\/wp-json\/wp\/v2\/users\/1"}],"replies":[{"embeddable":true,"href":"https:\/\/fisdanismanlik.com\/de\/wp-json\/wp\/v2\/comments?post=31"}],"version-history":[{"count":32,"href":"https:\/\/fisdanismanlik.com\/de\/wp-json\/wp\/v2\/pages\/31\/revisions"}],"predecessor-version":[{"id":3859,"href":"https:\/\/fisdanismanlik.com\/de\/wp-json\/wp\/v2\/pages\/31\/revisions\/3859"}],"wp:attachment":[{"href":"https:\/\/fisdanismanlik.com\/de\/wp-json\/wp\/v2\/media?parent=31"}],"curies":[{"name":"wp","href":"https:\/\/api.w.org\/{rel}","templated":true}]}}