{"id":3729,"date":"2020-12-17T09:17:43","date_gmt":"2020-12-17T09:17:43","guid":{"rendered":"https:\/\/fisdanismanlik.com\/ar\/?page_id=3729"},"modified":"2020-12-17T09:17:43","modified_gmt":"2020-12-17T09:17:43","slug":"vizyonumuz","status":"publish","type":"page","link":"https:\/\/fisdanismanlik.com\/ar\/vizyonumuz\/","title":{"rendered":"Vizyonumuz"},"content":{"rendered":"<h1>Vizyonumuz<\/h1>\n<p>K\u0131sa ve orta vadede T\u00fcrkiye\u2019de tan\u0131nan fakat uluslararas\u0131 arenada tan\u0131nmayan firmalar\u0131m\u0131z\u0131 bu arenaya haz\u0131rlay\u0131p, \u00fcr\u00fcnlerini geni\u015f kitlelere sunmak, yurtd\u0131\u015f\u0131ndaki inovatif \u00fcr\u00fcnleri de T\u00fcrkiye\u2019deki t\u00fcketicilerle bulu\u015fturmak.<\/p>\n","protected":false},"excerpt":{"rendered":"<p>Vizyonumuz K\u0131sa ve orta vadede T\u00fcrkiye\u2019de tan\u0131nan fakat uluslararas\u0131 arenada tan\u0131nmayan firmalar\u0131m\u0131z\u0131 bu arenaya haz\u0131rlay\u0131p, \u00fcr\u00fcnlerini geni\u015f kitlelere sunmak, yurtd\u0131\u015f\u0131ndaki inovatif \u00fcr\u00fcnleri de T\u00fcrkiye\u2019deki t\u00fcketicilerle bulu\u015fturmak.<\/p>\n","protected":false},"author":1,"featured_media":0,"parent":0,"menu_order":0,"comment_status":"closed","ping_status":"closed","template":"","meta":{"footnotes":""},"_links":{"self":[{"href":"https:\/\/fisdanismanlik.com\/ar\/wp-json\/wp\/v2\/pages\/3729"}],"collection":[{"href":"https:\/\/fisdanismanlik.com\/ar\/wp-json\/wp\/v2\/pages"}],"about":[{"href":"https:\/\/fisdanismanlik.com\/ar\/wp-json\/wp\/v2\/types\/page"}],"author":[{"embeddable":true,"href":"https:\/\/fisdanismanlik.com\/ar\/wp-json\/wp\/v2\/users\/1"}],"replies":[{"embeddable":true,"href":"https:\/\/fisdanismanlik.com\/ar\/wp-json\/wp\/v2\/comments?post=3729"}],"version-history":[{"count":1,"href":"https:\/\/fisdanismanlik.com\/ar\/wp-json\/wp\/v2\/pages\/3729\/revisions"}],"predecessor-version":[{"id":3730,"href":"https:\/\/fisdanismanlik.com\/ar\/wp-json\/wp\/v2\/pages\/3729\/revisions\/3730"}],"wp:attachment":[{"href":"https:\/\/fisdanismanlik.com\/ar\/wp-json\/wp\/v2\/media?parent=3729"}],"curies":[{"name":"wp","href":"https:\/\/api.w.org\/{rel}","templated":true}]}}