{"id":3725,"date":"2020-12-17T09:15:08","date_gmt":"2020-12-17T09:15:08","guid":{"rendered":"https:\/\/fisdanismanlik.com\/ar\/?page_id=3725"},"modified":"2020-12-17T09:16:21","modified_gmt":"2020-12-17T09:16:21","slug":"misyonumuz","status":"publish","type":"page","link":"https:\/\/fisdanismanlik.com\/ar\/misyonumuz\/","title":{"rendered":"Misyonumuz"},"content":{"rendered":"<h1>Misyonumuz<\/h1>\n<p>Globalle\u015fen d\u00fcnyaya entegre olmak her T\u00fcrk firmas\u0131n\u0131n hayali. Bizler de bu hayalden yola \u00e7\u0131karak yurtd\u0131\u015f\u0131ndan T\u00fcrkiye\u2019ye \u00f6nem veren firmalar ile T\u00fcrkiye\u2019de de\u011fer katan fakat uluslararas\u0131 pazarlara a\u00e7\u0131lmam\u0131\u015f firmalar\u0131 ticaret kurallar\u0131na uygun \u015fekilde bulu\u015fturmak<\/p>\n","protected":false},"excerpt":{"rendered":"<p>Misyonumuz Globalle\u015fen d\u00fcnyaya entegre olmak her T\u00fcrk firmas\u0131n\u0131n hayali. Bizler de bu hayalden yola \u00e7\u0131karak yurtd\u0131\u015f\u0131ndan T\u00fcrkiye\u2019ye \u00f6nem veren firmalar ile T\u00fcrkiye\u2019de de\u011fer katan fakat uluslararas\u0131 pazarlara a\u00e7\u0131lmam\u0131\u015f firmalar\u0131 ticaret kurallar\u0131na uygun \u015fekilde bulu\u015fturmak<\/p>\n","protected":false},"author":1,"featured_media":0,"parent":0,"menu_order":0,"comment_status":"closed","ping_status":"closed","template":"","meta":{"footnotes":""},"_links":{"self":[{"href":"https:\/\/fisdanismanlik.com\/ar\/wp-json\/wp\/v2\/pages\/3725"}],"collection":[{"href":"https:\/\/fisdanismanlik.com\/ar\/wp-json\/wp\/v2\/pages"}],"about":[{"href":"https:\/\/fisdanismanlik.com\/ar\/wp-json\/wp\/v2\/types\/page"}],"author":[{"embeddable":true,"href":"https:\/\/fisdanismanlik.com\/ar\/wp-json\/wp\/v2\/users\/1"}],"replies":[{"embeddable":true,"href":"https:\/\/fisdanismanlik.com\/ar\/wp-json\/wp\/v2\/comments?post=3725"}],"version-history":[{"count":2,"href":"https:\/\/fisdanismanlik.com\/ar\/wp-json\/wp\/v2\/pages\/3725\/revisions"}],"predecessor-version":[{"id":3728,"href":"https:\/\/fisdanismanlik.com\/ar\/wp-json\/wp\/v2\/pages\/3725\/revisions\/3728"}],"wp:attachment":[{"href":"https:\/\/fisdanismanlik.com\/ar\/wp-json\/wp\/v2\/media?parent=3725"}],"curies":[{"name":"wp","href":"https:\/\/api.w.org\/{rel}","templated":true}]}}